{"id":116,"date":"2020-05-18T15:58:09","date_gmt":"2020-05-18T13:58:09","guid":{"rendered":"http:\/\/www2.getreidereiniger-auer.at\/?page_id=116"},"modified":"2024-05-16T15:06:41","modified_gmt":"2024-05-16T13:06:41","slug":"petkus-maschinen-generalerneuert","status":"publish","type":"page","link":"http:\/\/www.getreidereiniger-auer.at\/?page_id=116","title":{"rendered":"Petkus Maschinen generalerneuert"},"content":{"rendered":"<div class=\"wp-block-image\">\n<figure class=\"aligncenter size-large\"><img decoding=\"async\" width=\"215\" height=\"164\" src=\"http:\/\/www.getreidereiniger-auer.at\/wp-content\/uploads\/2020\/05\/logo-kampy.png\" alt=\"\" class=\"wp-image-239\"\/><\/figure>\n<\/div>\n\n\n<p class=\"has-text-align-left\">Einzigartig ist die Qualit\u00e4t der Runderneuerung, die technisch und optisch exklusiv f\u00fcr ANDREAS AUER LANDMASCHINEN HANDEL durchgef\u00fchrt wird. Hierbei wird nicht nur auf bew\u00e4hrte Technik gesetzt, sondern funktionelle Updates erleichtern den Umgang. Wie zum Beispiel eine Ver\u00e4nderung der Siebaufh\u00e4ngung oder ein Zentralauslauf f\u00fcr die Gutware nach dem Trieur, statt den Sackabg\u00e4ngen.<br>Nat\u00fcrlich entsprechen die Maschinen auch der CE Konformit\u00e4t. <\/p>\n\n\n\n<p>Neben den Kompaktreinigern, PETKUS K531 und die PETKUS K541, z\u00e4hlen auch Spezialmaschinen zu unserem Sortiment, wie zum Beispiel die Kleereibe PETKUS K310, die Trieubatterie K553, oder der Siebsichter K547. <\/p>\n\n\n\n<figure class=\"wp-block-image size-full\"><img fetchpriority=\"high\" decoding=\"async\" width=\"552\" height=\"784\" src=\"http:\/\/www.getreidereiniger-auer.at\/wp-content\/uploads\/2023\/08\/K531-und-K541-1.jpg\" alt=\"\" class=\"wp-image-1726\" srcset=\"http:\/\/www.getreidereiniger-auer.at\/wp-content\/uploads\/2023\/08\/K531-und-K541-1.jpg 552w, http:\/\/www.getreidereiniger-auer.at\/wp-content\/uploads\/2023\/08\/K531-und-K541-1-211x300.jpg 211w\" sizes=\"(max-width: 552px) 100vw, 552px\" \/><\/figure>\n\n\n\n<figure class=\"wp-block-image size-large\"><img decoding=\"async\" width=\"1024\" height=\"768\" src=\"http:\/\/www.getreidereiniger-auer.at\/wp-content\/uploads\/2021\/09\/20210908_145831-1024x768.jpg\" alt=\"\" class=\"wp-image-648\" srcset=\"http:\/\/www.getreidereiniger-auer.at\/wp-content\/uploads\/2021\/09\/20210908_145831-1024x768.jpg 1024w, http:\/\/www.getreidereiniger-auer.at\/wp-content\/uploads\/2021\/09\/20210908_145831-scaled-600x450.jpg 600w, http:\/\/www.getreidereiniger-auer.at\/wp-content\/uploads\/2021\/09\/20210908_145831-300x225.jpg 300w, http:\/\/www.getreidereiniger-auer.at\/wp-content\/uploads\/2021\/09\/20210908_145831-768x576.jpg 768w, http:\/\/www.getreidereiniger-auer.at\/wp-content\/uploads\/2021\/09\/20210908_145831-1536x1152.jpg 1536w, http:\/\/www.getreidereiniger-auer.at\/wp-content\/uploads\/2021\/09\/20210908_145831-2048x1536.jpg 2048w\" sizes=\"(max-width: 1024px) 100vw, 1024px\" \/><figcaption class=\"wp-element-caption\"><strong> Vorwindsichtersieb &amp; Langrahmensiebe PETKUS K531<\/strong><\/figcaption><\/figure>\n\n\n\n<figure class=\"wp-block-image size-large\"><img loading=\"lazy\" decoding=\"async\" width=\"1024\" height=\"768\" src=\"http:\/\/www.getreidereiniger-auer.at\/wp-content\/uploads\/2021\/09\/20210908sd_145810-1024x768.jpg\" alt=\"\" class=\"wp-image-645\" srcset=\"http:\/\/www.getreidereiniger-auer.at\/wp-content\/uploads\/2021\/09\/20210908sd_145810-1024x768.jpg 1024w, http:\/\/www.getreidereiniger-auer.at\/wp-content\/uploads\/2021\/09\/20210908sd_145810-scaled-600x450.jpg 600w, http:\/\/www.getreidereiniger-auer.at\/wp-content\/uploads\/2021\/09\/20210908sd_145810-300x225.jpg 300w, http:\/\/www.getreidereiniger-auer.at\/wp-content\/uploads\/2021\/09\/20210908sd_145810-768x576.jpg 768w, http:\/\/www.getreidereiniger-auer.at\/wp-content\/uploads\/2021\/09\/20210908sd_145810-1536x1152.jpg 1536w, http:\/\/www.getreidereiniger-auer.at\/wp-content\/uploads\/2021\/09\/20210908sd_145810-2048x1536.jpg 2048w\" sizes=\"(max-width: 1024px) 100vw, 1024px\" \/><figcaption class=\"wp-element-caption\"><strong>Federblatt Siebkastenaufh\u00e4ngung  <strong>PETKUS<\/strong><\/strong> <strong>K531 Sonderlackiert<\/strong><\/figcaption><\/figure>\n\n\n\n<figure class=\"wp-block-image size-large\"><img loading=\"lazy\" decoding=\"async\" width=\"1024\" height=\"768\" src=\"http:\/\/www.getreidereiniger-auer.at\/wp-content\/uploads\/2021\/09\/IMG-20210715-WA0078.jpg\" alt=\"\" class=\"wp-image-647\" srcset=\"http:\/\/www.getreidereiniger-auer.at\/wp-content\/uploads\/2021\/09\/IMG-20210715-WA0078.jpg 1024w, http:\/\/www.getreidereiniger-auer.at\/wp-content\/uploads\/2021\/09\/IMG-20210715-WA0078-600x450.jpg 600w, http:\/\/www.getreidereiniger-auer.at\/wp-content\/uploads\/2021\/09\/IMG-20210715-WA0078-300x225.jpg 300w, http:\/\/www.getreidereiniger-auer.at\/wp-content\/uploads\/2021\/09\/IMG-20210715-WA0078-768x576.jpg 768w\" sizes=\"(max-width: 1024px) 100vw, 1024px\" \/><figcaption class=\"wp-element-caption\"><strong>optionales Standpodest zu <strong>PETKUS<\/strong><\/strong> <strong>K531<\/strong><\/figcaption><\/figure>\n\n\n\n<figure class=\"wp-block-image size-large\"><img loading=\"lazy\" decoding=\"async\" width=\"1024\" height=\"768\" src=\"http:\/\/www.getreidereiniger-auer.at\/wp-content\/uploads\/2021\/09\/K531-Sonderlackiert_Symbolfoto-1024x768.jpg\" alt=\"\" class=\"wp-image-597\" srcset=\"http:\/\/www.getreidereiniger-auer.at\/wp-content\/uploads\/2021\/09\/K531-Sonderlackiert_Symbolfoto-1024x768.jpg 1024w, http:\/\/www.getreidereiniger-auer.at\/wp-content\/uploads\/2021\/09\/K531-Sonderlackiert_Symbolfoto-600x450.jpg 600w, http:\/\/www.getreidereiniger-auer.at\/wp-content\/uploads\/2021\/09\/K531-Sonderlackiert_Symbolfoto-300x225.jpg 300w, http:\/\/www.getreidereiniger-auer.at\/wp-content\/uploads\/2021\/09\/K531-Sonderlackiert_Symbolfoto-768x576.jpg 768w, http:\/\/www.getreidereiniger-auer.at\/wp-content\/uploads\/2021\/09\/K531-Sonderlackiert_Symbolfoto-1536x1152.jpg 1536w, http:\/\/www.getreidereiniger-auer.at\/wp-content\/uploads\/2021\/09\/K531-Sonderlackiert_Symbolfoto.jpg 1600w\" sizes=\"(max-width: 1024px) 100vw, 1024px\" \/><figcaption class=\"wp-element-caption\"><strong>PETKUS K531 mit Sonderlackierung<\/strong> in Kobaltblau und Hellbeige<\/figcaption><\/figure>\n\n\n\n<figure class=\"wp-block-image size-full\"><img loading=\"lazy\" decoding=\"async\" width=\"546\" height=\"785\" src=\"http:\/\/www.getreidereiniger-auer.at\/wp-content\/uploads\/2023\/08\/K531-und-k541-2.jpg\" alt=\"\" class=\"wp-image-1727\" srcset=\"http:\/\/www.getreidereiniger-auer.at\/wp-content\/uploads\/2023\/08\/K531-und-k541-2.jpg 546w, http:\/\/www.getreidereiniger-auer.at\/wp-content\/uploads\/2023\/08\/K531-und-k541-2-209x300.jpg 209w\" sizes=\"(max-width: 546px) 100vw, 546px\" \/><\/figure>\n\n\n\n<figure class=\"wp-block-image size-large\"><img loading=\"lazy\" decoding=\"async\" width=\"1024\" height=\"768\" src=\"http:\/\/www.getreidereiniger-auer.at\/wp-content\/uploads\/2021\/09\/K541_blau-standard_symbolfoto-1024x768.jpg\" alt=\"\" class=\"wp-image-638\" srcset=\"http:\/\/www.getreidereiniger-auer.at\/wp-content\/uploads\/2021\/09\/K541_blau-standard_symbolfoto-1024x768.jpg 1024w, http:\/\/www.getreidereiniger-auer.at\/wp-content\/uploads\/2021\/09\/K541_blau-standard_symbolfoto-600x450.jpg 600w, http:\/\/www.getreidereiniger-auer.at\/wp-content\/uploads\/2021\/09\/K541_blau-standard_symbolfoto-300x225.jpg 300w, http:\/\/www.getreidereiniger-auer.at\/wp-content\/uploads\/2021\/09\/K541_blau-standard_symbolfoto-768x576.jpg 768w, http:\/\/www.getreidereiniger-auer.at\/wp-content\/uploads\/2021\/09\/K541_blau-standard_symbolfoto-1536x1152.jpg 1536w, http:\/\/www.getreidereiniger-auer.at\/wp-content\/uploads\/2021\/09\/K541_blau-standard_symbolfoto.jpg 1600w\" sizes=\"(max-width: 1024px) 100vw, 1024px\" \/><\/figure>\n\n\n\n<figure class=\"wp-block-image size-full\"><img loading=\"lazy\" decoding=\"async\" width=\"553\" height=\"788\" src=\"http:\/\/www.getreidereiniger-auer.at\/wp-content\/uploads\/2023\/08\/Abluft-und-Zyklon-1.jpg\" alt=\"\" class=\"wp-image-1729\" srcset=\"http:\/\/www.getreidereiniger-auer.at\/wp-content\/uploads\/2023\/08\/Abluft-und-Zyklon-1.jpg 553w, http:\/\/www.getreidereiniger-auer.at\/wp-content\/uploads\/2023\/08\/Abluft-und-Zyklon-1-211x300.jpg 211w\" sizes=\"(max-width: 553px) 100vw, 553px\" \/><\/figure>\n\n\n\n<figure class=\"wp-block-image size-large\"><img loading=\"lazy\" decoding=\"async\" width=\"768\" height=\"1024\" src=\"http:\/\/www.getreidereiniger-auer.at\/wp-content\/uploads\/2021\/09\/Abmessungen.jpg\" alt=\"\" class=\"wp-image-651\" srcset=\"http:\/\/www.getreidereiniger-auer.at\/wp-content\/uploads\/2021\/09\/Abmessungen.jpg 768w, http:\/\/www.getreidereiniger-auer.at\/wp-content\/uploads\/2021\/09\/Abmessungen-600x800.jpg 600w, http:\/\/www.getreidereiniger-auer.at\/wp-content\/uploads\/2021\/09\/Abmessungen-225x300.jpg 225w\" sizes=\"(max-width: 768px) 100vw, 768px\" \/><figcaption class=\"wp-element-caption\"><strong>Abluftzyklon zu PETKUS K531 und PETKUS K541 mit optionalen Sackhalter und Standbeinen. <\/strong><br><strong>Auch f\u00fcr h\u00e4ngende Montage geeignet.<\/strong><\/figcaption><\/figure>\n\n\n\n<figure class=\"wp-block-image size-full\"><img loading=\"lazy\" decoding=\"async\" width=\"551\" height=\"788\" src=\"http:\/\/www.getreidereiniger-auer.at\/wp-content\/uploads\/2023\/08\/k547-1.jpg\" alt=\"\" class=\"wp-image-1731\" srcset=\"http:\/\/www.getreidereiniger-auer.at\/wp-content\/uploads\/2023\/08\/k547-1.jpg 551w, http:\/\/www.getreidereiniger-auer.at\/wp-content\/uploads\/2023\/08\/k547-1-210x300.jpg 210w\" sizes=\"(max-width: 551px) 100vw, 551px\" \/><\/figure>\n\n\n\n<figure class=\"wp-block-image size-full\"><img loading=\"lazy\" decoding=\"async\" width=\"552\" height=\"785\" src=\"http:\/\/www.getreidereiniger-auer.at\/wp-content\/uploads\/2023\/08\/K310-1.jpg\" alt=\"\" class=\"wp-image-1732\" srcset=\"http:\/\/www.getreidereiniger-auer.at\/wp-content\/uploads\/2023\/08\/K310-1.jpg 552w, http:\/\/www.getreidereiniger-auer.at\/wp-content\/uploads\/2023\/08\/K310-1-211x300.jpg 211w\" sizes=\"(max-width: 552px) 100vw, 552px\" \/><\/figure>\n\n\n\n<figure class=\"wp-block-image size-full\"><img loading=\"lazy\" decoding=\"async\" width=\"553\" height=\"785\" src=\"http:\/\/www.getreidereiniger-auer.at\/wp-content\/uploads\/2023\/08\/k218-2.jpg\" alt=\"\" class=\"wp-image-1734\" srcset=\"http:\/\/www.getreidereiniger-auer.at\/wp-content\/uploads\/2023\/08\/k218-2.jpg 553w, http:\/\/www.getreidereiniger-auer.at\/wp-content\/uploads\/2023\/08\/k218-2-211x300.jpg 211w\" sizes=\"(max-width: 553px) 100vw, 553px\" \/><\/figure>\n\n\n\n<figure class=\"wp-block-image size-full\"><img loading=\"lazy\" decoding=\"async\" width=\"551\" height=\"785\" src=\"http:\/\/www.getreidereiniger-auer.at\/wp-content\/uploads\/2023\/08\/K236-1.jpg\" alt=\"\" class=\"wp-image-1735\" srcset=\"http:\/\/www.getreidereiniger-auer.at\/wp-content\/uploads\/2023\/08\/K236-1.jpg 551w, http:\/\/www.getreidereiniger-auer.at\/wp-content\/uploads\/2023\/08\/K236-1-211x300.jpg 211w\" sizes=\"(max-width: 551px) 100vw, 551px\" \/><\/figure>\n\n\n\n<figure class=\"wp-block-image size-large\"><img loading=\"lazy\" decoding=\"async\" width=\"1024\" height=\"768\" src=\"http:\/\/www.getreidereiniger-auer.at\/wp-content\/uploads\/2021\/09\/20210811_181819-1024x768.jpg\" alt=\"\" class=\"wp-image-639\" srcset=\"http:\/\/www.getreidereiniger-auer.at\/wp-content\/uploads\/2021\/09\/20210811_181819-1024x768.jpg 1024w, http:\/\/www.getreidereiniger-auer.at\/wp-content\/uploads\/2021\/09\/20210811_181819-scaled-600x450.jpg 600w, http:\/\/www.getreidereiniger-auer.at\/wp-content\/uploads\/2021\/09\/20210811_181819-300x225.jpg 300w, http:\/\/www.getreidereiniger-auer.at\/wp-content\/uploads\/2021\/09\/20210811_181819-768x576.jpg 768w, http:\/\/www.getreidereiniger-auer.at\/wp-content\/uploads\/2021\/09\/20210811_181819-1536x1152.jpg 1536w, http:\/\/www.getreidereiniger-auer.at\/wp-content\/uploads\/2021\/09\/20210811_181819-2048x1536.jpg 2048w\" sizes=\"(max-width: 1024px) 100vw, 1024px\" \/><\/figure>\n\n\n\n<p class=\"has-text-align-center\"><strong>Siebe, Trieurm\u00e4ntel und nat\u00fcrlich auch Ersatzzeile f\u00fcr Petkus Maschinen, sind \u00fcber uns erh\u00e4ltlich.<\/strong><\/p>\n","protected":false},"excerpt":{"rendered":"<p>Einzigartig ist die Qualit\u00e4t der Runderneuerung, die technisch und optisch exklusiv f\u00fcr ANDREAS AUER LANDMASCHINEN HANDEL durchgef\u00fchrt wird. Hierbei wird nicht nur auf bew\u00e4hrte Technik gesetzt, sondern funktionelle Updates erleichtern den Umgang. Wie zum Beispiel eine Ver\u00e4nderung der Siebaufh\u00e4ngung oder ein Zentralauslauf f\u00fcr die Gutware nach dem Trieur, statt den Sackabg\u00e4ngen.Nat\u00fcrlich entsprechen die Maschinen auch [&hellip;]<\/p>\n","protected":false},"author":1,"featured_media":0,"parent":0,"menu_order":0,"comment_status":"closed","ping_status":"closed","template":"","meta":{"ocean_post_layout":"right-sidebar","ocean_both_sidebars_style":"","ocean_both_sidebars_content_width":0,"ocean_both_sidebars_sidebars_width":0,"ocean_sidebar":"0","ocean_second_sidebar":"0","ocean_disable_margins":"enable","ocean_add_body_class":"","ocean_shortcode_before_top_bar":"","ocean_shortcode_after_top_bar":"","ocean_shortcode_before_header":"","ocean_shortcode_after_header":"","ocean_has_shortcode":"","ocean_shortcode_after_title":"","ocean_shortcode_before_footer_widgets":"","ocean_shortcode_after_footer_widgets":"","ocean_shortcode_before_footer_bottom":"","ocean_shortcode_after_footer_bottom":"","ocean_display_top_bar":"default","ocean_display_header":"default","ocean_header_style":"","ocean_center_header_left_menu":"0","ocean_custom_header_template":"0","ocean_custom_logo":2285,"ocean_custom_retina_logo":0,"ocean_custom_logo_max_width":150,"ocean_custom_logo_tablet_max_width":0,"ocean_custom_logo_mobile_max_width":0,"ocean_custom_logo_max_height":100,"ocean_custom_logo_tablet_max_height":0,"ocean_custom_logo_mobile_max_height":0,"ocean_header_custom_menu":"0","ocean_menu_typo_font_family":"0","ocean_menu_typo_font_subset":"","ocean_menu_typo_font_size":0,"ocean_menu_typo_font_size_tablet":0,"ocean_menu_typo_font_size_mobile":0,"ocean_menu_typo_font_size_unit":"px","ocean_menu_typo_font_weight":"","ocean_menu_typo_font_weight_tablet":"","ocean_menu_typo_font_weight_mobile":"","ocean_menu_typo_transform":"","ocean_menu_typo_transform_tablet":"","ocean_menu_typo_transform_mobile":"","ocean_menu_typo_line_height":0,"ocean_menu_typo_line_height_tablet":0,"ocean_menu_typo_line_height_mobile":0,"ocean_menu_typo_line_height_unit":"","ocean_menu_typo_spacing":0,"ocean_menu_typo_spacing_tablet":0,"ocean_menu_typo_spacing_mobile":0,"ocean_menu_typo_spacing_unit":"","ocean_menu_link_color":"","ocean_menu_link_color_hover":"","ocean_menu_link_color_active":"","ocean_menu_link_background":"","ocean_menu_link_hover_background":"","ocean_menu_link_active_background":"","ocean_menu_social_links_bg":"","ocean_menu_social_hover_links_bg":"","ocean_menu_social_links_color":"","ocean_menu_social_hover_links_color":"","ocean_disable_title":"default","ocean_disable_heading":"default","ocean_post_title":"","ocean_post_subheading":"","ocean_post_title_style":"","ocean_post_title_background_color":"","ocean_post_title_background":0,"ocean_post_title_bg_image_position":"","ocean_post_title_bg_image_attachment":"","ocean_post_title_bg_image_repeat":"","ocean_post_title_bg_image_size":"","ocean_post_title_height":0,"ocean_post_title_bg_overlay":0.5,"ocean_post_title_bg_overlay_color":"","ocean_disable_breadcrumbs":"default","ocean_breadcrumbs_color":"","ocean_breadcrumbs_separator_color":"","ocean_breadcrumbs_links_color":"","ocean_breadcrumbs_links_hover_color":"","ocean_display_footer_widgets":"default","ocean_display_footer_bottom":"default","ocean_custom_footer_template":"0","footnotes":""},"class_list":["post-116","page","type-page","status-publish","hentry","entry","owp-thumbs-layout-horizontal","owp-btn-normal","owp-tabs-layout-horizontal","has-no-thumbnails","has-product-nav"],"jetpack_sharing_enabled":true,"_links":{"self":[{"href":"http:\/\/www.getreidereiniger-auer.at\/index.php?rest_route=\/wp\/v2\/pages\/116","targetHints":{"allow":["GET"]}}],"collection":[{"href":"http:\/\/www.getreidereiniger-auer.at\/index.php?rest_route=\/wp\/v2\/pages"}],"about":[{"href":"http:\/\/www.getreidereiniger-auer.at\/index.php?rest_route=\/wp\/v2\/types\/page"}],"author":[{"embeddable":true,"href":"http:\/\/www.getreidereiniger-auer.at\/index.php?rest_route=\/wp\/v2\/users\/1"}],"replies":[{"embeddable":true,"href":"http:\/\/www.getreidereiniger-auer.at\/index.php?rest_route=%2Fwp%2Fv2%2Fcomments&post=116"}],"version-history":[{"count":10,"href":"http:\/\/www.getreidereiniger-auer.at\/index.php?rest_route=\/wp\/v2\/pages\/116\/revisions"}],"predecessor-version":[{"id":2277,"href":"http:\/\/www.getreidereiniger-auer.at\/index.php?rest_route=\/wp\/v2\/pages\/116\/revisions\/2277"}],"wp:attachment":[{"href":"http:\/\/www.getreidereiniger-auer.at\/index.php?rest_route=%2Fwp%2Fv2%2Fmedia&parent=116"}],"curies":[{"name":"wp","href":"https:\/\/api.w.org\/{rel}","templated":true}]}}