{"id":1604,"date":"2023-08-03T16:03:39","date_gmt":"2023-08-03T14:03:39","guid":{"rendered":"http:\/\/www.getreidereiniger-auer.at\/?page_id=1604"},"modified":"2023-12-18T09:44:18","modified_gmt":"2023-12-18T08:44:18","slug":"produkte","status":"publish","type":"page","link":"http:\/\/www.getreidereiniger-auer.at\/?page_id=1604","title":{"rendered":"Produkte"},"content":{"rendered":"\n<div class=\"wp-block-cover alignfull has-custom-content-position is-position-top-left has-text-color\" style=\"color:#f5e31b;margin-top:0;padding-top:5vw;padding-right:5vw;padding-bottom:5vw;padding-left:5vw;min-height:349px;aspect-ratio:unset;\"><span aria-hidden=\"true\" class=\"wp-block-cover__background has-background-dim-60 has-background-dim\" style=\"background-color:#141414\"><\/span><img fetchpriority=\"high\" decoding=\"async\" width=\"2560\" height=\"1700\" class=\"wp-block-cover__image-background wp-image-1991\" alt=\"\" src=\"http:\/\/www.getreidereiniger-auer.at\/wp-content\/uploads\/2023\/10\/Getreidegfeld-AdobeStock_54721874-scaled.jpeg\" data-object-fit=\"cover\" srcset=\"http:\/\/www.getreidereiniger-auer.at\/wp-content\/uploads\/2023\/10\/Getreidegfeld-AdobeStock_54721874-scaled.jpeg 2560w, http:\/\/www.getreidereiniger-auer.at\/wp-content\/uploads\/2023\/10\/Getreidegfeld-AdobeStock_54721874-300x199.jpeg 300w, http:\/\/www.getreidereiniger-auer.at\/wp-content\/uploads\/2023\/10\/Getreidegfeld-AdobeStock_54721874-1024x680.jpeg 1024w, http:\/\/www.getreidereiniger-auer.at\/wp-content\/uploads\/2023\/10\/Getreidegfeld-AdobeStock_54721874-768x510.jpeg 768w, http:\/\/www.getreidereiniger-auer.at\/wp-content\/uploads\/2023\/10\/Getreidegfeld-AdobeStock_54721874-1536x1020.jpeg 1536w, http:\/\/www.getreidereiniger-auer.at\/wp-content\/uploads\/2023\/10\/Getreidegfeld-AdobeStock_54721874-2048x1360.jpeg 2048w, http:\/\/www.getreidereiniger-auer.at\/wp-content\/uploads\/2023\/10\/Getreidegfeld-AdobeStock_54721874-600x399.jpeg 600w\" sizes=\"(max-width: 2560px) 100vw, 2560px\" \/><div class=\"wp-block-cover__inner-container is-layout-flow wp-block-cover-is-layout-flow\">\n<div class=\"wp-block-group wp-container-content-9cfa9a5a is-vertical is-nowrap is-layout-flex wp-container-core-group-is-layout-929c89a5 wp-block-group-is-layout-flex\">\n<p class=\"has-text-align-left has-text-color has-source-serif-pro-font-family\" style=\"color:#fee904;font-size:160px;font-style:italic;font-weight:900;letter-spacing:-4px;line-height:0.8;text-transform:none\">Produkte<\/p>\n<\/div>\n<\/div><\/div>\n\n\n\n<div style=\"height:54px\" aria-hidden=\"true\" class=\"wp-block-spacer\"><\/div>\n\n\n<form role=\"search\" method=\"get\" action=\"http:\/\/www.getreidereiniger-auer.at\/\" class=\"wp-block-search__button-outside wp-block-search__icon-button wp-block-search\"    ><label class=\"wp-block-search__label has-medium-font-size\" for=\"wp-block-search__input-1\" >Suche<\/label><div class=\"wp-block-search__inside-wrapper\" ><input class=\"wp-block-search__input has-medium-font-size\" id=\"wp-block-search__input-1\" placeholder=\"Suche Produkte\u2026\" value=\"\" type=\"search\" name=\"s\" required \/><input type=\"hidden\" name=\"post_type\" value=\"product\" \/><button aria-label=\"Suche\" class=\"wp-block-search__button has-medium-font-size has-icon wp-element-button\" type=\"submit\" ><svg class=\"search-icon\" viewBox=\"0 0 24 24\" width=\"24\" height=\"24\">\n\t\t\t\t\t<path d=\"M13 5c-3.3 0-6 2.7-6 6 0 1.4.5 2.7 1.3 3.7l-3.8 3.8 1.1 1.1 3.8-3.8c1 .8 2.3 1.3 3.7 1.3 3.3 0 6-2.7 6-6S16.3 5 13 5zm0 10.5c-2.5 0-4.5-2-4.5-4.5s2-4.5 4.5-4.5 4.5 2 4.5 4.5-2 4.5-4.5 4.5z\"><\/path>\n\t\t\t\t<\/svg><\/button><\/div><\/form>\n\n\n<div class=\"wp-block-query is-layout-flow wp-block-query-is-layout-flow\"><ul class=\"columns-3 products-block-post-template wp-block-post-template is-layout-grid wp-container-core-post-template-is-layout-2fc57c17 wp-block-post-template-is-layout-grid\"><li class=\"wp-block-post post-2092 product type-product status-publish has-post-thumbnail product_cat-gummifedern product_tag-gummifeder product_tag-feder product_tag-original product_tag-k531 product_tag-k541 entry has-media first outofstock taxable shipping-taxable product-type-simple has-product-nav col span_1_of_3 owp-content-center owp-thumbs-layout-horizontal owp-btn-normal owp-tabs-layout-horizontal\">\n<div data-block-name=\"woocommerce\/product-image\" data-image-sizing=\"thumbnail\" data-is-descendent-of-query-loop=\"true\" class=\"wc-block-components-product-image wc-block-grid__product-image wc-block-components-product-image--aspect-ratio-auto wp-block-woocommerce-product-image\"><a href=\"http:\/\/www.getreidereiniger-auer.at\/?product=0001\" style=\"\" data-wp-on--click=\"woocommerce\/product-collection::actions.viewProduct\"><img loading=\"lazy\" decoding=\"async\" width=\"300\" height=\"300\" src=\"http:\/\/www.getreidereiniger-auer.at\/wp-content\/uploads\/2024\/05\/20240521_154623-300x300.jpg\" class=\"attachment-woocommerce_thumbnail size-woocommerce_thumbnail\" alt=\"Gummifeder Fabrikneu f\u00fcr Petkus Modelle\" data-testid=\"product-image\" data-image-id=\"2344\" style=\"object-fit:cover;\" loading=\"lazy\" srcset=\"http:\/\/www.getreidereiniger-auer.at\/wp-content\/uploads\/2024\/05\/20240521_154623-300x300.jpg 300w, http:\/\/www.getreidereiniger-auer.at\/wp-content\/uploads\/2024\/05\/20240521_154623-150x150.jpg 150w, http:\/\/www.getreidereiniger-auer.at\/wp-content\/uploads\/2024\/05\/20240521_154623-600x600.jpg 600w, http:\/\/www.getreidereiniger-auer.at\/wp-content\/uploads\/2024\/05\/20240521_154623-100x100.jpg 100w\" sizes=\"auto, (max-width: 300px) 100vw, 300px\" \/><div class=\"wc-block-components-product-image__inner-container\"><\/div><\/a><\/div>\n\n<h3 style=\"margin-bottom:0.75rem;margin-top:0;\" class=\"has-text-align-center wp-block-post-title has-medium-font-size\"><a href=\"http:\/\/www.getreidereiniger-auer.at\/?product=0001\" target=\"_self\" >Gummifeder Fabrikneu f\u00fcr Petkus Modelle<\/a><\/h3>\n\n<div data-block-name=\"woocommerce\/product-price\" data-is-descendent-of-query-loop=\"true\" data-text-align=\"center\" class=\"has-text-align-center wp-block-woocommerce-product-price\" ><div class=\"wc-block-components-product-price wc-block-grid__product-price\" >\n\t\t\t\t\t\n\t\t\t\t<\/div><\/div>\n\n<div data-block-name=\"woocommerce\/product-button\" data-font-size=\"small\" data-is-descendent-of-query-loop=\"true\" data-text-align=\"center\" class=\"wp-block-button wc-block-components-product-button   align-center wp-block-woocommerce-product-button has-small-font-size\"\n\t\t\t\t\t\n\t\t\t\t\tdata-wp-context='{\"quantityToAdd\":1,\"productId\":2092,\"productType\":\"simple\",\"addToCartText\":\"Weiterlesen\",\"tempQuantity\":0,\"animationStatus\":\"IDLE\",\"inTheCartText\":\"### im Warenkorb\",\"noticeId\":\"\",\"hasPressedButton\":false}'\n\t\t\t\t>\n\t\t\t\t\t<a\n\t\t\t\t\t\tclass=\"wp-block-button__link wp-element-button wc-block-components-product-button__button product_type_simple has-font-size has-small-font-size has-text-align-center wc-interactive\"\n\t\t\t\t\t\tstyle=\"\"\n\t\t\t\t\t\thref=\"http:\/\/www.getreidereiniger-auer.at\/?product=0001\" rel=\"nofollow\" data-product_id=\"2092\" data-product_sku=\"0001\" aria-label=\"Lese mehr \u00fcber &#8222;Gummifeder Fabrikneu f\u00fcr Petkus Modelle&#8220;\"\n\t\t\t\t\t\tdata-wp-on--click=\"woocommerce\/product-collection::actions.viewProduct\"\n\t\t\t\t\t>\n\t\t\t\t\t<span >Weiterlesen<\/span>\n\t\t\t\t\t<\/a>\n\t\t\t\t\t\n\t\t\t\t<\/div>\n<\/li><li class=\"wp-block-post post-2100 product type-product status-publish has-post-thumbnail product_cat-gummilager-ersatzteile-petkus entry has-media  outofstock taxable shipping-taxable purchasable product-type-simple has-product-nav col span_1_of_3 owp-content-center owp-thumbs-layout-horizontal owp-btn-normal owp-tabs-layout-horizontal\">\n<div data-block-name=\"woocommerce\/product-image\" data-image-sizing=\"thumbnail\" data-is-descendent-of-query-loop=\"true\" class=\"wc-block-components-product-image wc-block-grid__product-image wc-block-components-product-image--aspect-ratio-auto wp-block-woocommerce-product-image\"><a href=\"http:\/\/www.getreidereiniger-auer.at\/?product=gummilager-fuer-schuettelstangen\" style=\"\" data-wp-on--click=\"woocommerce\/product-collection::actions.viewProduct\"><img loading=\"lazy\" decoding=\"async\" width=\"300\" height=\"300\" src=\"http:\/\/www.getreidereiniger-auer.at\/wp-content\/uploads\/2023\/12\/20231214_153100-scaled-300x300.jpg\" class=\"attachment-woocommerce_thumbnail size-woocommerce_thumbnail\" alt=\"Gummilager f\u00fcr Sch\u00fcttelstangen\" data-testid=\"product-image\" data-image-id=\"2104\" style=\"object-fit:cover;\" loading=\"lazy\" \/><div class=\"wc-block-components-product-image__inner-container\"><\/div><\/a><\/div>\n\n<h3 style=\"margin-bottom:0.75rem;margin-top:0;\" class=\"has-text-align-center wp-block-post-title has-medium-font-size\"><a href=\"http:\/\/www.getreidereiniger-auer.at\/?product=gummilager-fuer-schuettelstangen\" target=\"_self\" >Gummilager f\u00fcr Sch\u00fcttelstangen<\/a><\/h3>\n\n<div data-block-name=\"woocommerce\/product-price\" data-is-descendent-of-query-loop=\"true\" data-text-align=\"center\" class=\"has-text-align-center wp-block-woocommerce-product-price\" ><div class=\"wc-block-components-product-price wc-block-grid__product-price\" >\n\t\t\t\t\t<span class=\"woocommerce-Price-amount amount\"><bdi>38,00&nbsp;<span class=\"woocommerce-Price-currencySymbol\">&euro;<\/span><\/bdi><\/span>\n\t\t\t\t<\/div><\/div>\n\n<div data-block-name=\"woocommerce\/product-button\" data-font-size=\"small\" data-is-descendent-of-query-loop=\"true\" data-text-align=\"center\" class=\"wp-block-button wc-block-components-product-button   align-center wp-block-woocommerce-product-button has-small-font-size\"\n\t\t\t\t\t\n\t\t\t\t\tdata-wp-context='{\"quantityToAdd\":1,\"productId\":2100,\"productType\":\"simple\",\"addToCartText\":\"Weiterlesen\",\"tempQuantity\":0,\"animationStatus\":\"IDLE\",\"inTheCartText\":\"### im Warenkorb\",\"noticeId\":\"\",\"hasPressedButton\":false}'\n\t\t\t\t>\n\t\t\t\t\t<a\n\t\t\t\t\t\tclass=\"wp-block-button__link wp-element-button wc-block-components-product-button__button product_type_simple has-font-size has-small-font-size has-text-align-center wc-interactive\"\n\t\t\t\t\t\tstyle=\"\"\n\t\t\t\t\t\thref=\"http:\/\/www.getreidereiniger-auer.at\/?product=gummilager-fuer-schuettelstangen\" rel=\"nofollow\" data-product_id=\"2100\" data-product_sku=\"0002\" aria-label=\"Lese mehr \u00fcber &#8222;Gummilager f\u00fcr Sch\u00fcttelstangen&#8220;\"\n\t\t\t\t\t\tdata-wp-on--click=\"woocommerce\/product-collection::actions.viewProduct\"\n\t\t\t\t\t>\n\t\t\t\t\t<span >Weiterlesen<\/span>\n\t\t\t\t\t<\/a>\n\t\t\t\t\t\n\t\t\t\t<\/div>\n<\/li><li class=\"wp-block-post post-2112 product type-product status-publish has-post-thumbnail product_cat-buechsen entry has-media last outofstock taxable shipping-taxable product-type-simple has-product-nav col span_1_of_3 owp-content-center owp-thumbs-layout-horizontal owp-btn-normal owp-tabs-layout-horizontal\">\n<div data-block-name=\"woocommerce\/product-image\" data-image-sizing=\"thumbnail\" data-is-descendent-of-query-loop=\"true\" class=\"wc-block-components-product-image wc-block-grid__product-image wc-block-components-product-image--aspect-ratio-auto wp-block-woocommerce-product-image\"><a href=\"http:\/\/www.getreidereiniger-auer.at\/?product=kunststoffbuechse\" style=\"\" data-wp-on--click=\"woocommerce\/product-collection::actions.viewProduct\"><img loading=\"lazy\" decoding=\"async\" width=\"300\" height=\"300\" src=\"http:\/\/www.getreidereiniger-auer.at\/wp-content\/uploads\/2023\/12\/20231214_141730-300x300.jpg\" class=\"attachment-woocommerce_thumbnail size-woocommerce_thumbnail\" alt=\"Kunststoffb\u00fcchse\" data-testid=\"product-image\" data-image-id=\"2119\" style=\"object-fit:cover;\" loading=\"lazy\" srcset=\"http:\/\/www.getreidereiniger-auer.at\/wp-content\/uploads\/2023\/12\/20231214_141730-300x300.jpg 300w, http:\/\/www.getreidereiniger-auer.at\/wp-content\/uploads\/2023\/12\/20231214_141730-150x150.jpg 150w, http:\/\/www.getreidereiniger-auer.at\/wp-content\/uploads\/2023\/12\/20231214_141730-600x600.jpg 600w, http:\/\/www.getreidereiniger-auer.at\/wp-content\/uploads\/2023\/12\/20231214_141730-100x100.jpg 100w\" sizes=\"auto, (max-width: 300px) 100vw, 300px\" \/><div class=\"wc-block-components-product-image__inner-container\"><\/div><\/a><\/div>\n\n<h3 style=\"margin-bottom:0.75rem;margin-top:0;\" class=\"has-text-align-center wp-block-post-title has-medium-font-size\"><a href=\"http:\/\/www.getreidereiniger-auer.at\/?product=kunststoffbuechse\" target=\"_self\" >Kunststoffb\u00fcchse<\/a><\/h3>\n\n<div data-block-name=\"woocommerce\/product-price\" data-is-descendent-of-query-loop=\"true\" data-text-align=\"center\" class=\"has-text-align-center wp-block-woocommerce-product-price\" ><div class=\"wc-block-components-product-price wc-block-grid__product-price\" >\n\t\t\t\t\t\n\t\t\t\t<\/div><\/div>\n\n<div data-block-name=\"woocommerce\/product-button\" data-font-size=\"small\" data-is-descendent-of-query-loop=\"true\" data-text-align=\"center\" class=\"wp-block-button wc-block-components-product-button   align-center wp-block-woocommerce-product-button has-small-font-size\"\n\t\t\t\t\t\n\t\t\t\t\tdata-wp-context='{\"quantityToAdd\":1,\"productId\":2112,\"productType\":\"simple\",\"addToCartText\":\"Weiterlesen\",\"tempQuantity\":0,\"animationStatus\":\"IDLE\",\"inTheCartText\":\"### im Warenkorb\",\"noticeId\":\"\",\"hasPressedButton\":false}'\n\t\t\t\t>\n\t\t\t\t\t<a\n\t\t\t\t\t\tclass=\"wp-block-button__link wp-element-button wc-block-components-product-button__button product_type_simple has-font-size has-small-font-size has-text-align-center wc-interactive\"\n\t\t\t\t\t\tstyle=\"\"\n\t\t\t\t\t\thref=\"http:\/\/www.getreidereiniger-auer.at\/?product=kunststoffbuechse\" rel=\"nofollow\" data-product_id=\"2112\" data-product_sku=\"0004\" aria-label=\"Lese mehr \u00fcber &#8222;Kunststoffb\u00fcchse&#8220;\"\n\t\t\t\t\t\tdata-wp-on--click=\"woocommerce\/product-collection::actions.viewProduct\"\n\t\t\t\t\t>\n\t\t\t\t\t<span >Weiterlesen<\/span>\n\t\t\t\t\t<\/a>\n\t\t\t\t\t\n\t\t\t\t<\/div>\n<\/li><li class=\"wp-block-post post-2223 product type-product status-publish has-post-thumbnail product_cat-unkategorisiert product_cat-ersatzteile-petkus product_shipping_class-pauschale-fuer-schubstangen entry has-media first outofstock taxable shipping-taxable product-type-simple has-product-nav col span_1_of_3 owp-content-center owp-thumbs-layout-horizontal owp-btn-normal owp-tabs-layout-horizontal has-no-thumbnails\">\n<div data-block-name=\"woocommerce\/product-image\" data-image-sizing=\"thumbnail\" data-is-descendent-of-query-loop=\"true\" class=\"wc-block-components-product-image wc-block-grid__product-image wc-block-components-product-image--aspect-ratio-auto wp-block-woocommerce-product-image\"><a href=\"http:\/\/www.getreidereiniger-auer.at\/?product=schubstange-fuer-trieur-und-siebkasten-petkus-k531\" style=\"\" data-wp-on--click=\"woocommerce\/product-collection::actions.viewProduct\"><img loading=\"lazy\" decoding=\"async\" width=\"300\" height=\"300\" src=\"http:\/\/www.getreidereiniger-auer.at\/wp-content\/uploads\/2023\/12\/20231214_140932-300x300.jpg\" class=\"attachment-woocommerce_thumbnail size-woocommerce_thumbnail\" alt=\"Schubstange f\u00fcr Trieur und Siebkasten Petkus K531\" data-testid=\"product-image\" data-image-id=\"2108\" style=\"object-fit:cover;\" loading=\"lazy\" srcset=\"http:\/\/www.getreidereiniger-auer.at\/wp-content\/uploads\/2023\/12\/20231214_140932-300x300.jpg 300w, http:\/\/www.getreidereiniger-auer.at\/wp-content\/uploads\/2023\/12\/20231214_140932-150x150.jpg 150w, http:\/\/www.getreidereiniger-auer.at\/wp-content\/uploads\/2023\/12\/20231214_140932-600x600.jpg 600w, http:\/\/www.getreidereiniger-auer.at\/wp-content\/uploads\/2023\/12\/20231214_140932-100x100.jpg 100w\" sizes=\"auto, (max-width: 300px) 100vw, 300px\" \/><div class=\"wc-block-components-product-image__inner-container\"><\/div><\/a><\/div>\n\n<h3 style=\"margin-bottom:0.75rem;margin-top:0;\" class=\"has-text-align-center wp-block-post-title has-medium-font-size\"><a href=\"http:\/\/www.getreidereiniger-auer.at\/?product=schubstange-fuer-trieur-und-siebkasten-petkus-k531\" target=\"_self\" >Schubstange f\u00fcr Trieur und Siebkasten Petkus K531<\/a><\/h3>\n\n<div data-block-name=\"woocommerce\/product-price\" data-is-descendent-of-query-loop=\"true\" data-text-align=\"center\" class=\"has-text-align-center wp-block-woocommerce-product-price\" ><div class=\"wc-block-components-product-price wc-block-grid__product-price\" >\n\t\t\t\t\t\n\t\t\t\t<\/div><\/div>\n\n<div data-block-name=\"woocommerce\/product-button\" data-font-size=\"small\" data-is-descendent-of-query-loop=\"true\" data-text-align=\"center\" class=\"wp-block-button wc-block-components-product-button   align-center wp-block-woocommerce-product-button has-small-font-size\"\n\t\t\t\t\t\n\t\t\t\t\tdata-wp-context='{\"quantityToAdd\":1,\"productId\":2223,\"productType\":\"simple\",\"addToCartText\":\"Weiterlesen\",\"tempQuantity\":0,\"animationStatus\":\"IDLE\",\"inTheCartText\":\"### im Warenkorb\",\"noticeId\":\"\",\"hasPressedButton\":false}'\n\t\t\t\t>\n\t\t\t\t\t<a\n\t\t\t\t\t\tclass=\"wp-block-button__link wp-element-button wc-block-components-product-button__button product_type_simple has-font-size has-small-font-size has-text-align-center wc-interactive\"\n\t\t\t\t\t\tstyle=\"\"\n\t\t\t\t\t\thref=\"http:\/\/www.getreidereiniger-auer.at\/?product=schubstange-fuer-trieur-und-siebkasten-petkus-k531\" rel=\"nofollow\" data-product_id=\"2223\" data-product_sku=\"0005\" aria-label=\"Lese mehr \u00fcber &#8222;Schubstange f\u00fcr Trieur und Siebkasten Petkus K531&#8220;\"\n\t\t\t\t\t\tdata-wp-on--click=\"woocommerce\/product-collection::actions.viewProduct\"\n\t\t\t\t\t>\n\t\t\t\t\t<span >Weiterlesen<\/span>\n\t\t\t\t\t<\/a>\n\t\t\t\t\t\n\t\t\t\t<\/div>\n<\/li><li class=\"wp-block-post post-2107 product type-product status-publish has-post-thumbnail product_cat-trieurlaufrolle entry has-media  outofstock taxable shipping-taxable product-type-simple has-product-nav col span_1_of_3 owp-content-center owp-thumbs-layout-horizontal owp-btn-normal owp-tabs-layout-horizontal\">\n<div data-block-name=\"woocommerce\/product-image\" data-image-sizing=\"thumbnail\" data-is-descendent-of-query-loop=\"true\" class=\"wc-block-components-product-image wc-block-grid__product-image wc-block-components-product-image--aspect-ratio-auto wp-block-woocommerce-product-image\"><a href=\"http:\/\/www.getreidereiniger-auer.at\/?product=trieurlaufrolle\" style=\"\" data-wp-on--click=\"woocommerce\/product-collection::actions.viewProduct\"><img loading=\"lazy\" decoding=\"async\" width=\"300\" height=\"300\" src=\"http:\/\/www.getreidereiniger-auer.at\/wp-content\/uploads\/2023\/12\/20231214_140932-300x300.jpg\" class=\"attachment-woocommerce_thumbnail size-woocommerce_thumbnail\" alt=\"Trieurlaufrolle\" data-testid=\"product-image\" data-image-id=\"2108\" style=\"object-fit:cover;\" loading=\"lazy\" srcset=\"http:\/\/www.getreidereiniger-auer.at\/wp-content\/uploads\/2023\/12\/20231214_140932-300x300.jpg 300w, http:\/\/www.getreidereiniger-auer.at\/wp-content\/uploads\/2023\/12\/20231214_140932-150x150.jpg 150w, http:\/\/www.getreidereiniger-auer.at\/wp-content\/uploads\/2023\/12\/20231214_140932-600x600.jpg 600w, http:\/\/www.getreidereiniger-auer.at\/wp-content\/uploads\/2023\/12\/20231214_140932-100x100.jpg 100w\" sizes=\"auto, (max-width: 300px) 100vw, 300px\" \/><div class=\"wc-block-components-product-image__inner-container\"><\/div><\/a><\/div>\n\n<h3 style=\"margin-bottom:0.75rem;margin-top:0;\" class=\"has-text-align-center wp-block-post-title has-medium-font-size\"><a href=\"http:\/\/www.getreidereiniger-auer.at\/?product=trieurlaufrolle\" target=\"_self\" >Trieurlaufrolle<\/a><\/h3>\n\n<div data-block-name=\"woocommerce\/product-price\" data-is-descendent-of-query-loop=\"true\" data-text-align=\"center\" class=\"has-text-align-center wp-block-woocommerce-product-price\" ><div class=\"wc-block-components-product-price wc-block-grid__product-price\" >\n\t\t\t\t\t\n\t\t\t\t<\/div><\/div>\n\n<div data-block-name=\"woocommerce\/product-button\" data-font-size=\"small\" data-is-descendent-of-query-loop=\"true\" data-text-align=\"center\" class=\"wp-block-button wc-block-components-product-button   align-center wp-block-woocommerce-product-button has-small-font-size\"\n\t\t\t\t\t\n\t\t\t\t\tdata-wp-context='{\"quantityToAdd\":1,\"productId\":2107,\"productType\":\"simple\",\"addToCartText\":\"Weiterlesen\",\"tempQuantity\":0,\"animationStatus\":\"IDLE\",\"inTheCartText\":\"### im Warenkorb\",\"noticeId\":\"\",\"hasPressedButton\":false}'\n\t\t\t\t>\n\t\t\t\t\t<a\n\t\t\t\t\t\tclass=\"wp-block-button__link wp-element-button wc-block-components-product-button__button product_type_simple has-font-size has-small-font-size has-text-align-center wc-interactive\"\n\t\t\t\t\t\tstyle=\"\"\n\t\t\t\t\t\thref=\"http:\/\/www.getreidereiniger-auer.at\/?product=trieurlaufrolle\" rel=\"nofollow\" data-product_id=\"2107\" data-product_sku=\"0003\" aria-label=\"Lese mehr \u00fcber &#8222;Trieurlaufrolle&#8220;\"\n\t\t\t\t\t\tdata-wp-on--click=\"woocommerce\/product-collection::actions.viewProduct\"\n\t\t\t\t\t>\n\t\t\t\t\t<span >Weiterlesen<\/span>\n\t\t\t\t\t<\/a>\n\t\t\t\t\t\n\t\t\t\t<\/div>\n<\/li><\/ul>\n\n\n\n<\/div>\n","protected":false},"excerpt":{"rendered":"","protected":false},"author":1,"featured_media":0,"parent":0,"menu_order":0,"comment_status":"closed","ping_status":"closed","template":"","meta":{"ocean_post_layout":"full-width","ocean_both_sidebars_style":"","ocean_both_sidebars_content_width":0,"ocean_both_sidebars_sidebars_width":0,"ocean_sidebar":"0","ocean_second_sidebar":"0","ocean_disable_margins":"enable","ocean_add_body_class":"","ocean_shortcode_before_top_bar":"","ocean_shortcode_after_top_bar":"","ocean_shortcode_before_header":"","ocean_shortcode_after_header":"","ocean_has_shortcode":"","ocean_shortcode_after_title":"","ocean_shortcode_before_footer_widgets":"","ocean_shortcode_after_footer_widgets":"","ocean_shortcode_before_footer_bottom":"","ocean_shortcode_after_footer_bottom":"","ocean_display_top_bar":"default","ocean_display_header":"default","ocean_header_style":"","ocean_center_header_left_menu":"0","ocean_custom_header_template":"0","ocean_custom_logo":2000,"ocean_custom_retina_logo":0,"ocean_custom_logo_max_width":140,"ocean_custom_logo_tablet_max_width":0,"ocean_custom_logo_mobile_max_width":0,"ocean_custom_logo_max_height":140,"ocean_custom_logo_tablet_max_height":0,"ocean_custom_logo_mobile_max_height":0,"ocean_header_custom_menu":"0","ocean_menu_typo_font_family":"0","ocean_menu_typo_font_subset":"","ocean_menu_typo_font_size":0,"ocean_menu_typo_font_size_tablet":0,"ocean_menu_typo_font_size_mobile":0,"ocean_menu_typo_font_size_unit":"px","ocean_menu_typo_font_weight":"","ocean_menu_typo_font_weight_tablet":"","ocean_menu_typo_font_weight_mobile":"","ocean_menu_typo_transform":"","ocean_menu_typo_transform_tablet":"","ocean_menu_typo_transform_mobile":"","ocean_menu_typo_line_height":0,"ocean_menu_typo_line_height_tablet":0,"ocean_menu_typo_line_height_mobile":0,"ocean_menu_typo_line_height_unit":"","ocean_menu_typo_spacing":0,"ocean_menu_typo_spacing_tablet":0,"ocean_menu_typo_spacing_mobile":0,"ocean_menu_typo_spacing_unit":"","ocean_menu_link_color":"","ocean_menu_link_color_hover":"","ocean_menu_link_color_active":"","ocean_menu_link_background":"","ocean_menu_link_hover_background":"","ocean_menu_link_active_background":"","ocean_menu_social_links_bg":"","ocean_menu_social_hover_links_bg":"","ocean_menu_social_links_color":"","ocean_menu_social_hover_links_color":"","ocean_disable_title":"on","ocean_disable_heading":"default","ocean_post_title":"","ocean_post_subheading":"","ocean_post_title_style":"","ocean_post_title_background_color":"","ocean_post_title_background":0,"ocean_post_title_bg_image_position":"","ocean_post_title_bg_image_attachment":"","ocean_post_title_bg_image_repeat":"","ocean_post_title_bg_image_size":"","ocean_post_title_height":0,"ocean_post_title_bg_overlay":0.5,"ocean_post_title_bg_overlay_color":"","ocean_disable_breadcrumbs":"default","ocean_breadcrumbs_color":"","ocean_breadcrumbs_separator_color":"","ocean_breadcrumbs_links_color":"","ocean_breadcrumbs_links_hover_color":"","ocean_display_footer_widgets":"default","ocean_display_footer_bottom":"default","ocean_custom_footer_template":"0","footnotes":""},"class_list":["post-1604","page","type-page","status-publish","hentry","entry","owp-thumbs-layout-horizontal","owp-btn-normal","owp-tabs-layout-horizontal","has-no-thumbnails","has-product-nav"],"jetpack_sharing_enabled":true,"_links":{"self":[{"href":"http:\/\/www.getreidereiniger-auer.at\/index.php?rest_route=\/wp\/v2\/pages\/1604","targetHints":{"allow":["GET"]}}],"collection":[{"href":"http:\/\/www.getreidereiniger-auer.at\/index.php?rest_route=\/wp\/v2\/pages"}],"about":[{"href":"http:\/\/www.getreidereiniger-auer.at\/index.php?rest_route=\/wp\/v2\/types\/page"}],"author":[{"embeddable":true,"href":"http:\/\/www.getreidereiniger-auer.at\/index.php?rest_route=\/wp\/v2\/users\/1"}],"replies":[{"embeddable":true,"href":"http:\/\/www.getreidereiniger-auer.at\/index.php?rest_route=%2Fwp%2Fv2%2Fcomments&post=1604"}],"version-history":[{"count":6,"href":"http:\/\/www.getreidereiniger-auer.at\/index.php?rest_route=\/wp\/v2\/pages\/1604\/revisions"}],"predecessor-version":[{"id":2012,"href":"http:\/\/www.getreidereiniger-auer.at\/index.php?rest_route=\/wp\/v2\/pages\/1604\/revisions\/2012"}],"wp:attachment":[{"href":"http:\/\/www.getreidereiniger-auer.at\/index.php?rest_route=%2Fwp%2Fv2%2Fmedia&parent=1604"}],"curies":[{"name":"wp","href":"https:\/\/api.w.org\/{rel}","templated":true}]}}