{"id":1612,"date":"2023-08-03T16:07:25","date_gmt":"2023-08-03T14:07:25","guid":{"rendered":"http:\/\/www.getreidereiniger-auer.at\/?page_id=1612"},"modified":"2024-05-16T15:11:15","modified_gmt":"2024-05-16T13:11:15","slug":"spezial-technik","status":"publish","type":"page","link":"http:\/\/www.getreidereiniger-auer.at\/?page_id=1612","title":{"rendered":"Spezial Technik"},"content":{"rendered":"\n<p>.<\/p>\n\n\n\n<p><strong>Andreas Auer Schr\u00e4gbandsortierer<\/strong><\/p>\n\n\n\n<p>Wenn sich Materialien in Gr\u00f6\u00dfe, Gewicht und Farbe sehr stark \u00e4hneln, aber sich diese im Rollverhalten unterscheiden, kann man diese Materialien mittels Schr\u00e4gbandsortierer trennen.<br>Das zu reinigende Gut wird oben auf das Band geleitet, welches sich nach rechts bewegt. Durch die Oberfl\u00e4che des Bandes und dessen Bewegung, werden nicht roll freudige Materialien, von dem Band weiter nach rechts gezogen. Das Material mit guten Rollverhalten l\u00e4uft hingegen senkrechten nach unten. Mittels Verstellung der Neigung und der Geschwindigkeit des Bandes, kann das Ergebnis optimal auf die Kultur angepasst werden.<br>Bestens geeignet ist diese Technik f\u00fcr das Reinigen von Ampfersamen aus Klee.<\/p>\n\n\n\n<figure class=\"wp-block-image\"><img fetchpriority=\"high\" decoding=\"async\" width=\"972\" height=\"1024\" src=\"http:\/\/www.getreidereiniger-auer.at\/wp-content\/uploads\/2022\/06\/20220622_112336-972x1024.jpg\" alt=\"\" class=\"wp-image-1093\" srcset=\"http:\/\/www.getreidereiniger-auer.at\/wp-content\/uploads\/2022\/06\/20220622_112336-972x1024.jpg 972w, http:\/\/www.getreidereiniger-auer.at\/wp-content\/uploads\/2022\/06\/20220622_112336-scaled-600x632.jpg 600w, http:\/\/www.getreidereiniger-auer.at\/wp-content\/uploads\/2022\/06\/20220622_112336-285x300.jpg 285w, http:\/\/www.getreidereiniger-auer.at\/wp-content\/uploads\/2022\/06\/20220622_112336-768x809.jpg 768w, http:\/\/www.getreidereiniger-auer.at\/wp-content\/uploads\/2022\/06\/20220622_112336-1458x1536.jpg 1458w, http:\/\/www.getreidereiniger-auer.at\/wp-content\/uploads\/2022\/06\/20220622_112336-1944x2048.jpg 1944w\" sizes=\"(max-width: 972px) 100vw, 972px\" \/><\/figure>\n\n\n<div class=\"wp-block-image\">\n<figure class=\"aligncenter size-full\"><img decoding=\"async\" width=\"553\" height=\"786\" src=\"http:\/\/www.getreidereiniger-auer.at\/wp-content\/uploads\/2023\/08\/Schraegband.jpg\" alt=\"\" class=\"wp-image-1760\" srcset=\"http:\/\/www.getreidereiniger-auer.at\/wp-content\/uploads\/2023\/08\/Schraegband.jpg 553w, http:\/\/www.getreidereiniger-auer.at\/wp-content\/uploads\/2023\/08\/Schraegband-211x300.jpg 211w\" sizes=\"(max-width: 553px) 100vw, 553px\" \/><\/figure>\n<\/div>\n\n\n<figure class=\"wp-block-embed is-type-video is-provider-youtube wp-block-embed-youtube wp-embed-aspect-16-9 wp-has-aspect-ratio\"><div class=\"wp-block-embed__wrapper\">\n<p class=\"responsive-video-wrap clr\"><iframe title=\"Schr\u00e4gbandsortierer Landmaschinen Auer\" width=\"1200\" height=\"675\" src=\"https:\/\/www.youtube.com\/embed\/OwypDLE5vy4?feature=oembed\" frameborder=\"0\" allow=\"accelerometer; autoplay; clipboard-write; encrypted-media; gyroscope; picture-in-picture; web-share\" allowfullscreen><\/iframe><\/p>\n<\/div><\/figure>\n","protected":false},"excerpt":{"rendered":"<p>. Andreas Auer Schr\u00e4gbandsortierer Wenn sich Materialien in Gr\u00f6\u00dfe, Gewicht und Farbe sehr stark \u00e4hneln, aber sich diese im Rollverhalten unterscheiden, kann man diese Materialien mittels Schr\u00e4gbandsortierer trennen.Das zu reinigende Gut wird oben auf das Band geleitet, welches sich nach rechts bewegt. Durch die Oberfl\u00e4che des Bandes und dessen Bewegung, werden nicht roll freudige Materialien, [&hellip;]<\/p>\n","protected":false},"author":1,"featured_media":0,"parent":0,"menu_order":0,"comment_status":"closed","ping_status":"closed","template":"","meta":{"ocean_post_layout":"right-sidebar","ocean_both_sidebars_style":"","ocean_both_sidebars_content_width":0,"ocean_both_sidebars_sidebars_width":0,"ocean_sidebar":"0","ocean_second_sidebar":"0","ocean_disable_margins":"enable","ocean_add_body_class":"","ocean_shortcode_before_top_bar":"","ocean_shortcode_after_top_bar":"","ocean_shortcode_before_header":"","ocean_shortcode_after_header":"","ocean_has_shortcode":"","ocean_shortcode_after_title":"","ocean_shortcode_before_footer_widgets":"","ocean_shortcode_after_footer_widgets":"","ocean_shortcode_before_footer_bottom":"","ocean_shortcode_after_footer_bottom":"","ocean_display_top_bar":"default","ocean_display_header":"default","ocean_header_style":"","ocean_center_header_left_menu":"0","ocean_custom_header_template":"0","ocean_custom_logo":2285,"ocean_custom_retina_logo":0,"ocean_custom_logo_max_width":0,"ocean_custom_logo_tablet_max_width":0,"ocean_custom_logo_mobile_max_width":0,"ocean_custom_logo_max_height":0,"ocean_custom_logo_tablet_max_height":0,"ocean_custom_logo_mobile_max_height":0,"ocean_header_custom_menu":"0","ocean_menu_typo_font_family":"0","ocean_menu_typo_font_subset":"","ocean_menu_typo_font_size":0,"ocean_menu_typo_font_size_tablet":0,"ocean_menu_typo_font_size_mobile":0,"ocean_menu_typo_font_size_unit":"px","ocean_menu_typo_font_weight":"","ocean_menu_typo_font_weight_tablet":"","ocean_menu_typo_font_weight_mobile":"","ocean_menu_typo_transform":"","ocean_menu_typo_transform_tablet":"","ocean_menu_typo_transform_mobile":"","ocean_menu_typo_line_height":0,"ocean_menu_typo_line_height_tablet":0,"ocean_menu_typo_line_height_mobile":0,"ocean_menu_typo_line_height_unit":"","ocean_menu_typo_spacing":0,"ocean_menu_typo_spacing_tablet":0,"ocean_menu_typo_spacing_mobile":0,"ocean_menu_typo_spacing_unit":"","ocean_menu_link_color":"","ocean_menu_link_color_hover":"","ocean_menu_link_color_active":"","ocean_menu_link_background":"","ocean_menu_link_hover_background":"","ocean_menu_link_active_background":"","ocean_menu_social_links_bg":"","ocean_menu_social_hover_links_bg":"","ocean_menu_social_links_color":"","ocean_menu_social_hover_links_color":"","ocean_disable_title":"default","ocean_disable_heading":"default","ocean_post_title":"","ocean_post_subheading":"","ocean_post_title_style":"","ocean_post_title_background_color":"","ocean_post_title_background":0,"ocean_post_title_bg_image_position":"","ocean_post_title_bg_image_attachment":"","ocean_post_title_bg_image_repeat":"","ocean_post_title_bg_image_size":"","ocean_post_title_height":0,"ocean_post_title_bg_overlay":0.5,"ocean_post_title_bg_overlay_color":"","ocean_disable_breadcrumbs":"default","ocean_breadcrumbs_color":"","ocean_breadcrumbs_separator_color":"","ocean_breadcrumbs_links_color":"","ocean_breadcrumbs_links_hover_color":"","ocean_display_footer_widgets":"default","ocean_display_footer_bottom":"default","ocean_custom_footer_template":"0","footnotes":""},"class_list":["post-1612","page","type-page","status-publish","hentry","entry","owp-thumbs-layout-horizontal","owp-btn-normal","owp-tabs-layout-horizontal","has-no-thumbnails","has-product-nav"],"jetpack_sharing_enabled":true,"_links":{"self":[{"href":"http:\/\/www.getreidereiniger-auer.at\/index.php?rest_route=\/wp\/v2\/pages\/1612","targetHints":{"allow":["GET"]}}],"collection":[{"href":"http:\/\/www.getreidereiniger-auer.at\/index.php?rest_route=\/wp\/v2\/pages"}],"about":[{"href":"http:\/\/www.getreidereiniger-auer.at\/index.php?rest_route=\/wp\/v2\/types\/page"}],"author":[{"embeddable":true,"href":"http:\/\/www.getreidereiniger-auer.at\/index.php?rest_route=\/wp\/v2\/users\/1"}],"replies":[{"embeddable":true,"href":"http:\/\/www.getreidereiniger-auer.at\/index.php?rest_route=%2Fwp%2Fv2%2Fcomments&post=1612"}],"version-history":[{"count":5,"href":"http:\/\/www.getreidereiniger-auer.at\/index.php?rest_route=\/wp\/v2\/pages\/1612\/revisions"}],"predecessor-version":[{"id":2287,"href":"http:\/\/www.getreidereiniger-auer.at\/index.php?rest_route=\/wp\/v2\/pages\/1612\/revisions\/2287"}],"wp:attachment":[{"href":"http:\/\/www.getreidereiniger-auer.at\/index.php?rest_route=%2Fwp%2Fv2%2Fmedia&parent=1612"}],"curies":[{"name":"wp","href":"https:\/\/api.w.org\/{rel}","templated":true}]}}