{"id":245,"date":"2020-05-23T16:10:37","date_gmt":"2020-05-23T14:10:37","guid":{"rendered":"http:\/\/www.getreidereiniger-auer.at\/?page_id=245"},"modified":"2024-05-16T15:07:23","modified_gmt":"2024-05-16T13:07:23","slug":"siebe-und-ersatzteile-fuer-petkus-maschinen","status":"publish","type":"page","link":"http:\/\/www.getreidereiniger-auer.at\/?page_id=245","title":{"rendered":"Siebe und Ersatzteile f\u00fcr Petkus Maschinen"},"content":{"rendered":"\n<p class=\"has-text-align-center has-medium-font-size\">Um die Kundenw\u00fcnsche ehest m\u00f6glich abzudecken haben wir eine Vielzahl an Sieben f\u00fcr PETKUS K531 und PETKUS K541 lagernd. Auch generalerneuerte Trieurm\u00e4ntel sind in zahlreichen Dimensionen vorhanden. <\/p>\n\n\n\n<p class=\"has-text-align-center has-medium-font-size\">Bei der Wahl des richtigen Siebes oder Trauermantels sind wir nat\u00fcrlich gerne behilflich. <br><br>Nat\u00fcrlich haben wir alle Verschlei\u00dfteile, und eine Vielzahl an Ersatzteilen f\u00fcr PETKUS Maschinen lagernd.<\/p>\n\n\n\n<figure class=\"wp-block-gallery has-nested-images columns-default is-cropped wp-block-gallery-1 is-layout-flex wp-block-gallery-is-layout-flex\">\n<figure class=\"wp-block-image size-large\"><img fetchpriority=\"high\" decoding=\"async\" width=\"1024\" height=\"768\" data-id=\"1596\" src=\"http:\/\/www.getreidereiniger-auer.at\/wp-content\/uploads\/2023\/07\/Sieblager-1-1024x768.jpg\" alt=\"\" class=\"wp-image-1596\" srcset=\"http:\/\/www.getreidereiniger-auer.at\/wp-content\/uploads\/2023\/07\/Sieblager-1-1024x768.jpg 1024w, http:\/\/www.getreidereiniger-auer.at\/wp-content\/uploads\/2023\/07\/Sieblager-1-scaled-600x450.jpg 600w, http:\/\/www.getreidereiniger-auer.at\/wp-content\/uploads\/2023\/07\/Sieblager-1-300x225.jpg 300w, http:\/\/www.getreidereiniger-auer.at\/wp-content\/uploads\/2023\/07\/Sieblager-1-768x576.jpg 768w, http:\/\/www.getreidereiniger-auer.at\/wp-content\/uploads\/2023\/07\/Sieblager-1-1536x1152.jpg 1536w, http:\/\/www.getreidereiniger-auer.at\/wp-content\/uploads\/2023\/07\/Sieblager-1-2048x1536.jpg 2048w\" sizes=\"(max-width: 1024px) 100vw, 1024px\" \/><\/figure>\n\n\n\n<figure class=\"wp-block-image size-large\"><img decoding=\"async\" width=\"768\" height=\"1024\" data-id=\"1592\" src=\"http:\/\/www.getreidereiniger-auer.at\/wp-content\/uploads\/2023\/07\/20020_145906-1-768x1024.jpg\" alt=\"\" class=\"wp-image-1592\" srcset=\"http:\/\/www.getreidereiniger-auer.at\/wp-content\/uploads\/2023\/07\/20020_145906-1-768x1024.jpg 768w, http:\/\/www.getreidereiniger-auer.at\/wp-content\/uploads\/2023\/07\/20020_145906-1-scaled-600x800.jpg 600w, http:\/\/www.getreidereiniger-auer.at\/wp-content\/uploads\/2023\/07\/20020_145906-1-225x300.jpg 225w, http:\/\/www.getreidereiniger-auer.at\/wp-content\/uploads\/2023\/07\/20020_145906-1-1152x1536.jpg 1152w, http:\/\/www.getreidereiniger-auer.at\/wp-content\/uploads\/2023\/07\/20020_145906-1-1536x2048.jpg 1536w, http:\/\/www.getreidereiniger-auer.at\/wp-content\/uploads\/2023\/07\/20020_145906-1-scaled.jpg 1920w\" sizes=\"(max-width: 768px) 100vw, 768px\" \/><\/figure>\n\n\n\n<figure class=\"wp-block-image size-large\"><img decoding=\"async\" width=\"768\" height=\"1024\" data-id=\"1590\" src=\"http:\/\/www.getreidereiniger-auer.at\/wp-content\/uploads\/2023\/07\/21020_150010-1-768x1024.jpg\" alt=\"\" class=\"wp-image-1590\" srcset=\"http:\/\/www.getreidereiniger-auer.at\/wp-content\/uploads\/2023\/07\/21020_150010-1-768x1024.jpg 768w, http:\/\/www.getreidereiniger-auer.at\/wp-content\/uploads\/2023\/07\/21020_150010-1-scaled-600x800.jpg 600w, http:\/\/www.getreidereiniger-auer.at\/wp-content\/uploads\/2023\/07\/21020_150010-1-225x300.jpg 225w, http:\/\/www.getreidereiniger-auer.at\/wp-content\/uploads\/2023\/07\/21020_150010-1-1152x1536.jpg 1152w, http:\/\/www.getreidereiniger-auer.at\/wp-content\/uploads\/2023\/07\/21020_150010-1-1536x2048.jpg 1536w, http:\/\/www.getreidereiniger-auer.at\/wp-content\/uploads\/2023\/07\/21020_150010-1-scaled.jpg 1920w\" sizes=\"(max-width: 768px) 100vw, 768px\" \/><\/figure>\n\n\n\n<figure class=\"wp-block-image size-large\"><img loading=\"lazy\" decoding=\"async\" width=\"876\" height=\"1024\" data-id=\"1593\" src=\"http:\/\/www.getreidereiniger-auer.at\/wp-content\/uploads\/2023\/07\/2022102145836-2-876x1024.jpg\" alt=\"\" class=\"wp-image-1593\" srcset=\"http:\/\/www.getreidereiniger-auer.at\/wp-content\/uploads\/2023\/07\/2022102145836-2-876x1024.jpg 876w, http:\/\/www.getreidereiniger-auer.at\/wp-content\/uploads\/2023\/07\/2022102145836-2-scaled-600x701.jpg 600w, http:\/\/www.getreidereiniger-auer.at\/wp-content\/uploads\/2023\/07\/2022102145836-2-257x300.jpg 257w, http:\/\/www.getreidereiniger-auer.at\/wp-content\/uploads\/2023\/07\/2022102145836-2-768x898.jpg 768w, http:\/\/www.getreidereiniger-auer.at\/wp-content\/uploads\/2023\/07\/2022102145836-2-1314x1536.jpg 1314w, http:\/\/www.getreidereiniger-auer.at\/wp-content\/uploads\/2023\/07\/2022102145836-2-1752x2048.jpg 1752w\" sizes=\"(max-width: 876px) 100vw, 876px\" \/><\/figure>\n\n\n\n<figure class=\"wp-block-image size-large\"><img loading=\"lazy\" decoding=\"async\" width=\"768\" height=\"1024\" data-id=\"1584\" src=\"http:\/\/www.getreidereiniger-auer.at\/wp-content\/uploads\/2023\/07\/20221111_084750-768x1024.jpg\" alt=\"\" class=\"wp-image-1584\" srcset=\"http:\/\/www.getreidereiniger-auer.at\/wp-content\/uploads\/2023\/07\/20221111_084750-768x1024.jpg 768w, http:\/\/www.getreidereiniger-auer.at\/wp-content\/uploads\/2023\/07\/20221111_084750-scaled-600x800.jpg 600w, http:\/\/www.getreidereiniger-auer.at\/wp-content\/uploads\/2023\/07\/20221111_084750-225x300.jpg 225w, http:\/\/www.getreidereiniger-auer.at\/wp-content\/uploads\/2023\/07\/20221111_084750-1152x1536.jpg 1152w, http:\/\/www.getreidereiniger-auer.at\/wp-content\/uploads\/2023\/07\/20221111_084750-1536x2048.jpg 1536w, http:\/\/www.getreidereiniger-auer.at\/wp-content\/uploads\/2023\/07\/20221111_084750-scaled.jpg 1920w\" sizes=\"(max-width: 768px) 100vw, 768px\" \/><\/figure>\n\n\n\n<figure class=\"wp-block-image size-large\"><img loading=\"lazy\" decoding=\"async\" width=\"1024\" height=\"768\" data-id=\"1597\" src=\"http:\/\/www.getreidereiniger-auer.at\/wp-content\/uploads\/2023\/07\/Trieurmaentel-1024x768.jpg\" alt=\"\" class=\"wp-image-1597\" srcset=\"http:\/\/www.getreidereiniger-auer.at\/wp-content\/uploads\/2023\/07\/Trieurmaentel-1024x768.jpg 1024w, http:\/\/www.getreidereiniger-auer.at\/wp-content\/uploads\/2023\/07\/Trieurmaentel-scaled-600x450.jpg 600w, http:\/\/www.getreidereiniger-auer.at\/wp-content\/uploads\/2023\/07\/Trieurmaentel-300x225.jpg 300w, http:\/\/www.getreidereiniger-auer.at\/wp-content\/uploads\/2023\/07\/Trieurmaentel-768x576.jpg 768w, http:\/\/www.getreidereiniger-auer.at\/wp-content\/uploads\/2023\/07\/Trieurmaentel-1536x1152.jpg 1536w, http:\/\/www.getreidereiniger-auer.at\/wp-content\/uploads\/2023\/07\/Trieurmaentel-2048x1536.jpg 2048w\" sizes=\"(max-width: 1024px) 100vw, 1024px\" \/><\/figure>\n\n\n\n<figure class=\"wp-block-image size-large\"><img loading=\"lazy\" decoding=\"async\" width=\"768\" height=\"1024\" data-id=\"1587\" src=\"http:\/\/www.getreidereiniger-auer.at\/wp-content\/uploads\/2023\/07\/202307f20_16g5419-768x1024.jpg\" alt=\"\" class=\"wp-image-1587\" srcset=\"http:\/\/www.getreidereiniger-auer.at\/wp-content\/uploads\/2023\/07\/202307f20_16g5419-768x1024.jpg 768w, http:\/\/www.getreidereiniger-auer.at\/wp-content\/uploads\/2023\/07\/202307f20_16g5419-scaled-600x800.jpg 600w, http:\/\/www.getreidereiniger-auer.at\/wp-content\/uploads\/2023\/07\/202307f20_16g5419-225x300.jpg 225w, http:\/\/www.getreidereiniger-auer.at\/wp-content\/uploads\/2023\/07\/202307f20_16g5419-1152x1536.jpg 1152w, http:\/\/www.getreidereiniger-auer.at\/wp-content\/uploads\/2023\/07\/202307f20_16g5419-1536x2048.jpg 1536w, http:\/\/www.getreidereiniger-auer.at\/wp-content\/uploads\/2023\/07\/202307f20_16g5419-scaled.jpg 1920w\" sizes=\"(max-width: 768px) 100vw, 768px\" \/><\/figure>\n\n\n\n<figure class=\"wp-block-image size-large\"><img loading=\"lazy\" decoding=\"async\" width=\"614\" height=\"1024\" data-id=\"1582\" src=\"http:\/\/www.getreidereiniger-auer.at\/wp-content\/uploads\/2023\/07\/IMG-2r0230721-WA0039-614x1024.jpg\" alt=\"\" class=\"wp-image-1582\" srcset=\"http:\/\/www.getreidereiniger-auer.at\/wp-content\/uploads\/2023\/07\/IMG-2r0230721-WA0039-614x1024.jpg 614w, http:\/\/www.getreidereiniger-auer.at\/wp-content\/uploads\/2023\/07\/IMG-2r0230721-WA0039-600x1000.jpg 600w, http:\/\/www.getreidereiniger-auer.at\/wp-content\/uploads\/2023\/07\/IMG-2r0230721-WA0039-180x300.jpg 180w, http:\/\/www.getreidereiniger-auer.at\/wp-content\/uploads\/2023\/07\/IMG-2r0230721-WA0039-768x1280.jpg 768w, http:\/\/www.getreidereiniger-auer.at\/wp-content\/uploads\/2023\/07\/IMG-2r0230721-WA0039-921x1536.jpg 921w, http:\/\/www.getreidereiniger-auer.at\/wp-content\/uploads\/2023\/07\/IMG-2r0230721-WA0039.jpg 1076w\" sizes=\"(max-width: 614px) 100vw, 614px\" \/><\/figure>\n\n\n\n<figure class=\"wp-block-image size-large\"><img loading=\"lazy\" decoding=\"async\" width=\"768\" height=\"725\" data-id=\"1585\" src=\"http:\/\/www.getreidereiniger-auer.at\/wp-content\/uploads\/2023\/07\/IMG-20230720-WA0035.jpg\" alt=\"\" class=\"wp-image-1585\" srcset=\"http:\/\/www.getreidereiniger-auer.at\/wp-content\/uploads\/2023\/07\/IMG-20230720-WA0035.jpg 768w, http:\/\/www.getreidereiniger-auer.at\/wp-content\/uploads\/2023\/07\/IMG-20230720-WA0035-600x566.jpg 600w, http:\/\/www.getreidereiniger-auer.at\/wp-content\/uploads\/2023\/07\/IMG-20230720-WA0035-300x283.jpg 300w\" sizes=\"(max-width: 768px) 100vw, 768px\" \/><\/figure>\n\n\n\n<figure class=\"wp-block-image size-large\"><img loading=\"lazy\" decoding=\"async\" width=\"768\" height=\"748\" data-id=\"1586\" src=\"http:\/\/www.getreidereiniger-auer.at\/wp-content\/uploads\/2023\/07\/IMG-20230720-WA0036.jpg\" alt=\"\" class=\"wp-image-1586\" srcset=\"http:\/\/www.getreidereiniger-auer.at\/wp-content\/uploads\/2023\/07\/IMG-20230720-WA0036.jpg 768w, http:\/\/www.getreidereiniger-auer.at\/wp-content\/uploads\/2023\/07\/IMG-20230720-WA0036-600x584.jpg 600w, http:\/\/www.getreidereiniger-auer.at\/wp-content\/uploads\/2023\/07\/IMG-20230720-WA0036-300x292.jpg 300w\" sizes=\"(max-width: 768px) 100vw, 768px\" \/><\/figure>\n\n\n\n<figure class=\"wp-block-image size-large\"><img loading=\"lazy\" decoding=\"async\" width=\"760\" height=\"805\" data-id=\"1588\" src=\"http:\/\/www.getreidereiniger-auer.at\/wp-content\/uploads\/2023\/07\/IMG-20230720-WA0037.jpg\" alt=\"\" class=\"wp-image-1588\" srcset=\"http:\/\/www.getreidereiniger-auer.at\/wp-content\/uploads\/2023\/07\/IMG-20230720-WA0037.jpg 760w, http:\/\/www.getreidereiniger-auer.at\/wp-content\/uploads\/2023\/07\/IMG-20230720-WA0037-600x636.jpg 600w, http:\/\/www.getreidereiniger-auer.at\/wp-content\/uploads\/2023\/07\/IMG-20230720-WA0037-283x300.jpg 283w\" sizes=\"(max-width: 760px) 100vw, 760px\" \/><\/figure>\n\n\n\n<figure class=\"wp-block-image size-large\"><img loading=\"lazy\" decoding=\"async\" width=\"765\" height=\"847\" data-id=\"1589\" src=\"http:\/\/www.getreidereiniger-auer.at\/wp-content\/uploads\/2023\/07\/IMG-20230720-WA0038.jpg\" alt=\"\" class=\"wp-image-1589\" srcset=\"http:\/\/www.getreidereiniger-auer.at\/wp-content\/uploads\/2023\/07\/IMG-20230720-WA0038.jpg 765w, http:\/\/www.getreidereiniger-auer.at\/wp-content\/uploads\/2023\/07\/IMG-20230720-WA0038-600x664.jpg 600w, http:\/\/www.getreidereiniger-auer.at\/wp-content\/uploads\/2023\/07\/IMG-20230720-WA0038-271x300.jpg 271w\" sizes=\"(max-width: 765px) 100vw, 765px\" \/><\/figure>\n\n\n\n<figure class=\"wp-block-image size-large\"><img loading=\"lazy\" decoding=\"async\" width=\"768\" height=\"717\" data-id=\"1591\" src=\"http:\/\/www.getreidereiniger-auer.at\/wp-content\/uploads\/2023\/07\/IMG-20230720-WA0043.jpg\" alt=\"\" class=\"wp-image-1591\" srcset=\"http:\/\/www.getreidereiniger-auer.at\/wp-content\/uploads\/2023\/07\/IMG-20230720-WA0043.jpg 768w, http:\/\/www.getreidereiniger-auer.at\/wp-content\/uploads\/2023\/07\/IMG-20230720-WA0043-600x560.jpg 600w, http:\/\/www.getreidereiniger-auer.at\/wp-content\/uploads\/2023\/07\/IMG-20230720-WA0043-300x280.jpg 300w\" sizes=\"(max-width: 768px) 100vw, 768px\" \/><\/figure>\n\n\n\n<figure class=\"wp-block-image size-large\"><img loading=\"lazy\" decoding=\"async\" width=\"760\" height=\"835\" data-id=\"1594\" src=\"http:\/\/www.getreidereiniger-auer.at\/wp-content\/uploads\/2023\/07\/IMG-20230720-WA0047.jpg\" alt=\"\" class=\"wp-image-1594\" srcset=\"http:\/\/www.getreidereiniger-auer.at\/wp-content\/uploads\/2023\/07\/IMG-20230720-WA0047.jpg 760w, http:\/\/www.getreidereiniger-auer.at\/wp-content\/uploads\/2023\/07\/IMG-20230720-WA0047-600x659.jpg 600w, http:\/\/www.getreidereiniger-auer.at\/wp-content\/uploads\/2023\/07\/IMG-20230720-WA0047-273x300.jpg 273w\" sizes=\"(max-width: 760px) 100vw, 760px\" \/><\/figure>\n\n\n\n<figure class=\"wp-block-image size-large\"><img loading=\"lazy\" decoding=\"async\" width=\"768\" height=\"1024\" data-id=\"1595\" src=\"http:\/\/www.getreidereiniger-auer.at\/wp-content\/uploads\/2023\/07\/IMG-20230720-WA0048.jpg\" alt=\"\" class=\"wp-image-1595\" srcset=\"http:\/\/www.getreidereiniger-auer.at\/wp-content\/uploads\/2023\/07\/IMG-20230720-WA0048.jpg 768w, http:\/\/www.getreidereiniger-auer.at\/wp-content\/uploads\/2023\/07\/IMG-20230720-WA0048-600x800.jpg 600w, http:\/\/www.getreidereiniger-auer.at\/wp-content\/uploads\/2023\/07\/IMG-20230720-WA0048-225x300.jpg 225w\" sizes=\"(max-width: 768px) 100vw, 768px\" \/><\/figure>\n\n\n\n<figure class=\"wp-block-image size-large\"><img loading=\"lazy\" decoding=\"async\" width=\"768\" height=\"662\" data-id=\"1583\" src=\"http:\/\/www.getreidereiniger-auer.at\/wp-content\/uploads\/2023\/07\/IMG-20230720-WA0034.jpg\" alt=\"\" class=\"wp-image-1583\" srcset=\"http:\/\/www.getreidereiniger-auer.at\/wp-content\/uploads\/2023\/07\/IMG-20230720-WA0034.jpg 768w, http:\/\/www.getreidereiniger-auer.at\/wp-content\/uploads\/2023\/07\/IMG-20230720-WA0034-600x517.jpg 600w, http:\/\/www.getreidereiniger-auer.at\/wp-content\/uploads\/2023\/07\/IMG-20230720-WA0034-300x259.jpg 300w\" sizes=\"(max-width: 768px) 100vw, 768px\" \/><\/figure>\n<\/figure>\n\n\n\n<figure class=\"wp-block-image size-full\"><img loading=\"lazy\" decoding=\"async\" width=\"659\" height=\"862\" src=\"http:\/\/www.getreidereiniger-auer.at\/wp-content\/uploads\/2023\/07\/Unbenanntza.jpg\" alt=\"\" class=\"wp-image-1601\" srcset=\"http:\/\/www.getreidereiniger-auer.at\/wp-content\/uploads\/2023\/07\/Unbenanntza.jpg 659w, http:\/\/www.getreidereiniger-auer.at\/wp-content\/uploads\/2023\/07\/Unbenanntza-600x785.jpg 600w, http:\/\/www.getreidereiniger-auer.at\/wp-content\/uploads\/2023\/07\/Unbenanntza-229x300.jpg 229w\" sizes=\"(max-width: 659px) 100vw, 659px\" \/><\/figure>\n\n\n\n<p><\/p>\n","protected":false},"excerpt":{"rendered":"<p>Um die Kundenw\u00fcnsche ehest m\u00f6glich abzudecken haben wir eine Vielzahl an Sieben f\u00fcr PETKUS K531 und PETKUS K541 lagernd. Auch generalerneuerte Trieurm\u00e4ntel sind in zahlreichen Dimensionen vorhanden. Bei der Wahl des richtigen Siebes oder Trauermantels sind wir nat\u00fcrlich gerne behilflich. Nat\u00fcrlich haben wir alle Verschlei\u00dfteile, und eine Vielzahl an Ersatzteilen f\u00fcr PETKUS Maschinen lagernd.<\/p>\n","protected":false},"author":1,"featured_media":0,"parent":0,"menu_order":0,"comment_status":"closed","ping_status":"closed","template":"","meta":{"ocean_post_layout":"right-sidebar","ocean_both_sidebars_style":"","ocean_both_sidebars_content_width":0,"ocean_both_sidebars_sidebars_width":0,"ocean_sidebar":"0","ocean_second_sidebar":"0","ocean_disable_margins":"enable","ocean_add_body_class":"","ocean_shortcode_before_top_bar":"","ocean_shortcode_after_top_bar":"","ocean_shortcode_before_header":"","ocean_shortcode_after_header":"","ocean_has_shortcode":"","ocean_shortcode_after_title":"","ocean_shortcode_before_footer_widgets":"","ocean_shortcode_after_footer_widgets":"","ocean_shortcode_before_footer_bottom":"","ocean_shortcode_after_footer_bottom":"","ocean_display_top_bar":"default","ocean_display_header":"default","ocean_header_style":"","ocean_center_header_left_menu":"0","ocean_custom_header_template":"0","ocean_custom_logo":2285,"ocean_custom_retina_logo":0,"ocean_custom_logo_max_width":150,"ocean_custom_logo_tablet_max_width":0,"ocean_custom_logo_mobile_max_width":0,"ocean_custom_logo_max_height":100,"ocean_custom_logo_tablet_max_height":0,"ocean_custom_logo_mobile_max_height":0,"ocean_header_custom_menu":"0","ocean_menu_typo_font_family":"0","ocean_menu_typo_font_subset":"","ocean_menu_typo_font_size":0,"ocean_menu_typo_font_size_tablet":0,"ocean_menu_typo_font_size_mobile":0,"ocean_menu_typo_font_size_unit":"px","ocean_menu_typo_font_weight":"","ocean_menu_typo_font_weight_tablet":"","ocean_menu_typo_font_weight_mobile":"","ocean_menu_typo_transform":"","ocean_menu_typo_transform_tablet":"","ocean_menu_typo_transform_mobile":"","ocean_menu_typo_line_height":0,"ocean_menu_typo_line_height_tablet":0,"ocean_menu_typo_line_height_mobile":0,"ocean_menu_typo_line_height_unit":"","ocean_menu_typo_spacing":0,"ocean_menu_typo_spacing_tablet":0,"ocean_menu_typo_spacing_mobile":0,"ocean_menu_typo_spacing_unit":"","ocean_menu_link_color":"","ocean_menu_link_color_hover":"","ocean_menu_link_color_active":"","ocean_menu_link_background":"","ocean_menu_link_hover_background":"","ocean_menu_link_active_background":"","ocean_menu_social_links_bg":"","ocean_menu_social_hover_links_bg":"","ocean_menu_social_links_color":"","ocean_menu_social_hover_links_color":"","ocean_disable_title":"default","ocean_disable_heading":"default","ocean_post_title":"","ocean_post_subheading":"","ocean_post_title_style":"","ocean_post_title_background_color":"","ocean_post_title_background":0,"ocean_post_title_bg_image_position":"","ocean_post_title_bg_image_attachment":"","ocean_post_title_bg_image_repeat":"","ocean_post_title_bg_image_size":"","ocean_post_title_height":0,"ocean_post_title_bg_overlay":0.5,"ocean_post_title_bg_overlay_color":"","ocean_disable_breadcrumbs":"default","ocean_breadcrumbs_color":"","ocean_breadcrumbs_separator_color":"","ocean_breadcrumbs_links_color":"","ocean_breadcrumbs_links_hover_color":"","ocean_display_footer_widgets":"default","ocean_display_footer_bottom":"default","ocean_custom_footer_template":"0","footnotes":""},"class_list":["post-245","page","type-page","status-publish","hentry","entry","owp-thumbs-layout-horizontal","owp-btn-normal","owp-tabs-layout-horizontal","has-no-thumbnails","has-product-nav"],"jetpack_sharing_enabled":true,"_links":{"self":[{"href":"http:\/\/www.getreidereiniger-auer.at\/index.php?rest_route=\/wp\/v2\/pages\/245","targetHints":{"allow":["GET"]}}],"collection":[{"href":"http:\/\/www.getreidereiniger-auer.at\/index.php?rest_route=\/wp\/v2\/pages"}],"about":[{"href":"http:\/\/www.getreidereiniger-auer.at\/index.php?rest_route=\/wp\/v2\/types\/page"}],"author":[{"embeddable":true,"href":"http:\/\/www.getreidereiniger-auer.at\/index.php?rest_route=\/wp\/v2\/users\/1"}],"replies":[{"embeddable":true,"href":"http:\/\/www.getreidereiniger-auer.at\/index.php?rest_route=%2Fwp%2Fv2%2Fcomments&post=245"}],"version-history":[{"count":8,"href":"http:\/\/www.getreidereiniger-auer.at\/index.php?rest_route=\/wp\/v2\/pages\/245\/revisions"}],"predecessor-version":[{"id":2278,"href":"http:\/\/www.getreidereiniger-auer.at\/index.php?rest_route=\/wp\/v2\/pages\/245\/revisions\/2278"}],"wp:attachment":[{"href":"http:\/\/www.getreidereiniger-auer.at\/index.php?rest_route=%2Fwp%2Fv2%2Fmedia&parent=245"}],"curies":[{"name":"wp","href":"https:\/\/api.w.org\/{rel}","templated":true}]}}