{"id":35,"date":"2020-04-27T20:52:33","date_gmt":"2020-04-27T18:52:33","guid":{"rendered":"http:\/\/www2.getreidereiniger-auer.at\/?page_id=35"},"modified":"2025-10-22T16:42:50","modified_gmt":"2025-10-22T14:42:50","slug":"ueber-uns","status":"publish","type":"page","link":"http:\/\/www.getreidereiniger-auer.at\/?page_id=35","title":{"rendered":"\u00dcber uns"},"content":{"rendered":"\n<figure class=\"wp-block-image size-full is-resized\"><img fetchpriority=\"high\" decoding=\"async\" width=\"571\" height=\"616\" src=\"http:\/\/www.getreidereiniger-auer.at\/wp-content\/uploads\/2023\/07\/Andreas-Auer-Kopie.jpeg\" alt=\"\" class=\"wp-image-1568\" style=\"width:245px;height:265px\" srcset=\"http:\/\/www.getreidereiniger-auer.at\/wp-content\/uploads\/2023\/07\/Andreas-Auer-Kopie.jpeg 571w, http:\/\/www.getreidereiniger-auer.at\/wp-content\/uploads\/2023\/07\/Andreas-Auer-Kopie-278x300.jpeg 278w\" sizes=\"(max-width: 571px) 100vw, 571px\" \/><\/figure>\n\n\n\n<p class=\"has-text-align-center\">Neben dem Vertrieb von hochwertig generalerneuerten PETKUS Kompacktreinigern ist Andreas Auer Landmaschinenhandel von \u00d6sterreich aus, als EU-Importeur von AEROMEH im deutschsprachigem Raum t\u00e4tig. AEROMEH ist nicht nur der Entwickler und Produzent von aerodynamischen Getreidereinigern, sondern hat auch zum Beispiel F\u00f6rdertechniken wie Elevatoren im Sortiment. Da Andreas Auer selbst leidenschaftlicher Landwirt ist, und sich schon seit l\u00e4ngere Zeit mit diversen Getreidereinigungstechniken besch\u00e4ftigt, k\u00f6nnen unsere Kunden viel von seiner Erfahrung profitieren. <br>Schnell wuchs unser Kundenstock, und nun sind wir neben \u00d6sterreich und Deutschland auch international t\u00e4tig.<\/p>\n\n\n\n<p class=\"has-text-align-center\"><br>Unser Sortiment deckt nahezu alles rund um das Getreide ab und erstreckt sich beispielsweise von der Lagereingangsreinigung, \u00fcber Saatgutaufbereitung, Sch\u00e4ltechnik, Beiztechnik, Gewichtsausleser bis zu Farbsortierern.<br><\/p>\n\n\n\n<p class=\"has-text-align-center\">Schon in jungen Jahren entdeckt Andreas Auer sein Interesse an der Getreidereinigung. Die Fotos Zeigen seine Konstruktion mit einem Staubsauger, die er mit etwa 13 Jahren gebaut hat. <\/p>\n\n\n\n<figure class=\"wp-block-gallery has-nested-images columns-default is-cropped wp-block-gallery-1 is-layout-flex wp-block-gallery-is-layout-flex\">\n<figure class=\"wp-block-image size-large\"><img decoding=\"async\" width=\"775\" height=\"1024\" data-id=\"270\" src=\"http:\/\/www.getreidereiniger-auer.at\/wp-content\/uploads\/2020\/06\/IMG_20200606_192139-775x1024.jpg\" alt=\"\" class=\"wp-image-270\" srcset=\"http:\/\/www.getreidereiniger-auer.at\/wp-content\/uploads\/2020\/06\/IMG_20200606_192139-775x1024.jpg 775w, http:\/\/www.getreidereiniger-auer.at\/wp-content\/uploads\/2020\/06\/IMG_20200606_192139-600x793.jpg 600w, http:\/\/www.getreidereiniger-auer.at\/wp-content\/uploads\/2020\/06\/IMG_20200606_192139-227x300.jpg 227w, http:\/\/www.getreidereiniger-auer.at\/wp-content\/uploads\/2020\/06\/IMG_20200606_192139-768x1015.jpg 768w, http:\/\/www.getreidereiniger-auer.at\/wp-content\/uploads\/2020\/06\/IMG_20200606_192139.jpg 1080w\" sizes=\"(max-width: 775px) 100vw, 775px\" \/><\/figure>\n\n\n\n<figure class=\"wp-block-image size-large\"><img decoding=\"async\" width=\"993\" height=\"1024\" data-id=\"271\" src=\"http:\/\/www.getreidereiniger-auer.at\/wp-content\/uploads\/2020\/06\/IMG_20200606_192218-993x1024.jpg\" alt=\"\" class=\"wp-image-271\" srcset=\"http:\/\/www.getreidereiniger-auer.at\/wp-content\/uploads\/2020\/06\/IMG_20200606_192218-993x1024.jpg 993w, http:\/\/www.getreidereiniger-auer.at\/wp-content\/uploads\/2020\/06\/IMG_20200606_192218-600x619.jpg 600w, http:\/\/www.getreidereiniger-auer.at\/wp-content\/uploads\/2020\/06\/IMG_20200606_192218-291x300.jpg 291w, http:\/\/www.getreidereiniger-auer.at\/wp-content\/uploads\/2020\/06\/IMG_20200606_192218-768x792.jpg 768w, http:\/\/www.getreidereiniger-auer.at\/wp-content\/uploads\/2020\/06\/IMG_20200606_192218.jpg 1080w\" sizes=\"(max-width: 993px) 100vw, 993px\" \/><\/figure>\n<\/figure>\n\n\n\n<p class=\"has-x-large-font-size\">Mitarbeiter<\/p>\n\n\n\n<figure class=\"wp-block-image size-full is-resized\"><img loading=\"lazy\" decoding=\"async\" width=\"621\" height=\"710\" src=\"http:\/\/www.getreidereiniger-auer.at\/wp-content\/uploads\/2023\/01\/Stefan-Fichtinger-Kopie.jpeg\" alt=\"\" class=\"wp-image-1333\" style=\"width:177px;height:202px\" srcset=\"http:\/\/www.getreidereiniger-auer.at\/wp-content\/uploads\/2023\/01\/Stefan-Fichtinger-Kopie.jpeg 621w, http:\/\/www.getreidereiniger-auer.at\/wp-content\/uploads\/2023\/01\/Stefan-Fichtinger-Kopie-600x686.jpeg 600w, http:\/\/www.getreidereiniger-auer.at\/wp-content\/uploads\/2023\/01\/Stefan-Fichtinger-Kopie-262x300.jpeg 262w\" sizes=\"(max-width: 621px) 100vw, 621px\" \/><\/figure>\n\n\n\n<p class=\"has-text-align-center has-medium-font-size\">Stefan Fichtinger, Assistent der Gesch\u00e4ftsf\u00fchrung<\/p>\n\n\n\n<figure class=\"wp-block-image size-full is-resized\"><img loading=\"lazy\" decoding=\"async\" width=\"467\" height=\"578\" src=\"http:\/\/www.getreidereiniger-auer.at\/wp-content\/uploads\/2023\/01\/Bernhard-Adam-Kopie.jpeg\" alt=\"\" class=\"wp-image-1334\" style=\"width:175px;height:217px\" srcset=\"http:\/\/www.getreidereiniger-auer.at\/wp-content\/uploads\/2023\/01\/Bernhard-Adam-Kopie.jpeg 467w, http:\/\/www.getreidereiniger-auer.at\/wp-content\/uploads\/2023\/01\/Bernhard-Adam-Kopie-242x300.jpeg 242w\" sizes=\"(max-width: 467px) 100vw, 467px\" \/><\/figure>\n\n\n\n<p class=\"has-text-align-center has-medium-font-size\">Bernhard Adam, Verkaufsassistent<\/p>\n\n\n\n<p class=\"has-text-align-center has-medium-font-size\"><\/p>\n\n\n\n<figure class=\"wp-block-image size-large\"><img loading=\"lazy\" decoding=\"async\" width=\"725\" height=\"1024\" src=\"http:\/\/www2.getreidereiniger-auer.at\/wp-content\/uploads\/2020\/05\/inserat_a4-725x1024.jpg\" alt=\"\" class=\"wp-image-98\" srcset=\"http:\/\/www.getreidereiniger-auer.at\/wp-content\/uploads\/2020\/05\/inserat_a4-725x1024.jpg 725w, http:\/\/www.getreidereiniger-auer.at\/wp-content\/uploads\/2020\/05\/inserat_a4-scaled-600x848.jpg 600w, http:\/\/www.getreidereiniger-auer.at\/wp-content\/uploads\/2020\/05\/inserat_a4-212x300.jpg 212w, http:\/\/www.getreidereiniger-auer.at\/wp-content\/uploads\/2020\/05\/inserat_a4-768x1085.jpg 768w, http:\/\/www.getreidereiniger-auer.at\/wp-content\/uploads\/2020\/05\/inserat_a4-1087x1536.jpg 1087w, http:\/\/www.getreidereiniger-auer.at\/wp-content\/uploads\/2020\/05\/inserat_a4-1449x2048.jpg 1449w, http:\/\/www.getreidereiniger-auer.at\/wp-content\/uploads\/2020\/05\/inserat_a4-scaled.jpg 1811w\" sizes=\"(max-width: 725px) 100vw, 725px\" \/><\/figure>\n\n\n\n<figure class=\"wp-block-image size-large\"><img loading=\"lazy\" decoding=\"async\" width=\"1024\" height=\"724\" src=\"http:\/\/www.getreidereiniger-auer.at\/wp-content\/uploads\/2020\/05\/IMG-20200318-WA0037-1024x724.jpg\" alt=\"\" class=\"wp-image-236\" srcset=\"http:\/\/www.getreidereiniger-auer.at\/wp-content\/uploads\/2020\/05\/IMG-20200318-WA0037-1024x724.jpg 1024w, http:\/\/www.getreidereiniger-auer.at\/wp-content\/uploads\/2020\/05\/IMG-20200318-WA0037-600x424.jpg 600w, http:\/\/www.getreidereiniger-auer.at\/wp-content\/uploads\/2020\/05\/IMG-20200318-WA0037-300x212.jpg 300w, http:\/\/www.getreidereiniger-auer.at\/wp-content\/uploads\/2020\/05\/IMG-20200318-WA0037-768x543.jpg 768w, http:\/\/www.getreidereiniger-auer.at\/wp-content\/uploads\/2020\/05\/IMG-20200318-WA0037-1536x1086.jpg 1536w, http:\/\/www.getreidereiniger-auer.at\/wp-content\/uploads\/2020\/05\/IMG-20200318-WA0037.jpg 1600w\" sizes=\"(max-width: 1024px) 100vw, 1024px\" \/><\/figure>\n\n\n","protected":false},"excerpt":{"rendered":"<p>Neben dem Vertrieb von hochwertig generalerneuerten PETKUS Kompacktreinigern ist Andreas Auer Landmaschinenhandel von \u00d6sterreich aus, als EU-Importeur von AEROMEH im deutschsprachigem Raum t\u00e4tig. AEROMEH ist nicht nur der Entwickler und Produzent von aerodynamischen Getreidereinigern, sondern hat auch zum Beispiel F\u00f6rdertechniken wie Elevatoren im Sortiment. Da Andreas Auer selbst leidenschaftlicher Landwirt ist, und sich schon seit [&hellip;]<\/p>\n","protected":false},"author":1,"featured_media":0,"parent":0,"menu_order":0,"comment_status":"closed","ping_status":"closed","template":"","meta":{"ocean_post_layout":"right-sidebar","ocean_both_sidebars_style":"","ocean_both_sidebars_content_width":0,"ocean_both_sidebars_sidebars_width":0,"ocean_sidebar":"0","ocean_second_sidebar":"0","ocean_disable_margins":"enable","ocean_add_body_class":"","ocean_shortcode_before_top_bar":"","ocean_shortcode_after_top_bar":"","ocean_shortcode_before_header":"","ocean_shortcode_after_header":"","ocean_has_shortcode":"","ocean_shortcode_after_title":"","ocean_shortcode_before_footer_widgets":"","ocean_shortcode_after_footer_widgets":"","ocean_shortcode_before_footer_bottom":"","ocean_shortcode_after_footer_bottom":"","ocean_display_top_bar":"default","ocean_display_header":"default","ocean_header_style":"","ocean_center_header_left_menu":"0","ocean_custom_header_template":"0","ocean_custom_logo":2285,"ocean_custom_retina_logo":0,"ocean_custom_logo_max_width":150,"ocean_custom_logo_tablet_max_width":0,"ocean_custom_logo_mobile_max_width":0,"ocean_custom_logo_max_height":100,"ocean_custom_logo_tablet_max_height":0,"ocean_custom_logo_mobile_max_height":0,"ocean_header_custom_menu":"0","ocean_menu_typo_font_family":"0","ocean_menu_typo_font_subset":"","ocean_menu_typo_font_size":0,"ocean_menu_typo_font_size_tablet":0,"ocean_menu_typo_font_size_mobile":0,"ocean_menu_typo_font_size_unit":"px","ocean_menu_typo_font_weight":"","ocean_menu_typo_font_weight_tablet":"","ocean_menu_typo_font_weight_mobile":"","ocean_menu_typo_transform":"","ocean_menu_typo_transform_tablet":"","ocean_menu_typo_transform_mobile":"","ocean_menu_typo_line_height":0,"ocean_menu_typo_line_height_tablet":0,"ocean_menu_typo_line_height_mobile":0,"ocean_menu_typo_line_height_unit":"","ocean_menu_typo_spacing":0,"ocean_menu_typo_spacing_tablet":0,"ocean_menu_typo_spacing_mobile":0,"ocean_menu_typo_spacing_unit":"","ocean_menu_link_color":"","ocean_menu_link_color_hover":"","ocean_menu_link_color_active":"","ocean_menu_link_background":"","ocean_menu_link_hover_background":"","ocean_menu_link_active_background":"","ocean_menu_social_links_bg":"","ocean_menu_social_hover_links_bg":"","ocean_menu_social_links_color":"","ocean_menu_social_hover_links_color":"","ocean_disable_title":"default","ocean_disable_heading":"default","ocean_post_title":"","ocean_post_subheading":"","ocean_post_title_style":"","ocean_post_title_background_color":"","ocean_post_title_background":0,"ocean_post_title_bg_image_position":"","ocean_post_title_bg_image_attachment":"","ocean_post_title_bg_image_repeat":"","ocean_post_title_bg_image_size":"","ocean_post_title_height":0,"ocean_post_title_bg_overlay":0.5,"ocean_post_title_bg_overlay_color":"","ocean_disable_breadcrumbs":"default","ocean_breadcrumbs_color":"","ocean_breadcrumbs_separator_color":"","ocean_breadcrumbs_links_color":"","ocean_breadcrumbs_links_hover_color":"","ocean_display_footer_widgets":"default","ocean_display_footer_bottom":"default","ocean_custom_footer_template":"0","footnotes":""},"class_list":["post-35","page","type-page","status-publish","hentry","entry","owp-thumbs-layout-horizontal","owp-btn-normal","owp-tabs-layout-horizontal","has-no-thumbnails","has-product-nav"],"jetpack_sharing_enabled":true,"_links":{"self":[{"href":"http:\/\/www.getreidereiniger-auer.at\/index.php?rest_route=\/wp\/v2\/pages\/35","targetHints":{"allow":["GET"]}}],"collection":[{"href":"http:\/\/www.getreidereiniger-auer.at\/index.php?rest_route=\/wp\/v2\/pages"}],"about":[{"href":"http:\/\/www.getreidereiniger-auer.at\/index.php?rest_route=\/wp\/v2\/types\/page"}],"author":[{"embeddable":true,"href":"http:\/\/www.getreidereiniger-auer.at\/index.php?rest_route=\/wp\/v2\/users\/1"}],"replies":[{"embeddable":true,"href":"http:\/\/www.getreidereiniger-auer.at\/index.php?rest_route=%2Fwp%2Fv2%2Fcomments&post=35"}],"version-history":[{"count":9,"href":"http:\/\/www.getreidereiniger-auer.at\/index.php?rest_route=\/wp\/v2\/pages\/35\/revisions"}],"predecessor-version":[{"id":2625,"href":"http:\/\/www.getreidereiniger-auer.at\/index.php?rest_route=\/wp\/v2\/pages\/35\/revisions\/2625"}],"wp:attachment":[{"href":"http:\/\/www.getreidereiniger-auer.at\/index.php?rest_route=%2Fwp%2Fv2%2Fmedia&parent=35"}],"curies":[{"name":"wp","href":"https:\/\/api.w.org\/{rel}","templated":true}]}}