{"id":442,"date":"2021-02-03T16:58:35","date_gmt":"2021-02-03T15:58:35","guid":{"rendered":"http:\/\/www.getreidereiniger-auer.at\/?page_id=442"},"modified":"2024-05-16T15:08:26","modified_gmt":"2024-05-16T13:08:26","slug":"olis-getreidetechnik","status":"publish","type":"page","link":"http:\/\/www.getreidereiniger-auer.at\/?page_id=442","title":{"rendered":"Sch\u00e4l Technik"},"content":{"rendered":"\n<p class=\"has-medium-font-size\"><strong>Prallsch\u00e4ler f\u00fcr Kleinmengen<\/strong><\/p>\n\n\n\n<p>Der Prallsch\u00e4ler SSD 200 ist eine pr\u00e4zise und effiziente Sch\u00e4lungseinheit, die f\u00fcr die Verarbeitung von Hafer, Dinkel, Soja, Buchweizen, Hanfsamen, Emma, Einkorn, Sonnenblumenkernen und vielen anderen Samen geeignet ist. Mit einer Stundenleistung bis 200kg ist er f\u00fcr Einsteiger bestens geeignet.<br>Genaue Informationen zu unseren Sch\u00e4lern finden Sie in unserem <a href=\"https:\/\/auerlandmaschinen-my.sharepoint.com\/:b:\/g\/personal\/office_getreidereiniger-auer_at\/EbAHnEmuktdPnTVJw3Ouly4BOUHPDZZFbOsqFA2PnlRD2g?e=7bmsrc\">Produktkatalog<\/a><\/p>\n\n\n\n<figure class=\"wp-block-image size-full\"><img fetchpriority=\"high\" decoding=\"async\" width=\"545\" height=\"779\" src=\"http:\/\/www.getreidereiniger-auer.at\/wp-content\/uploads\/2024\/02\/jpg-info-SSD.jpg\" alt=\"\" class=\"wp-image-2209\" srcset=\"http:\/\/www.getreidereiniger-auer.at\/wp-content\/uploads\/2024\/02\/jpg-info-SSD.jpg 545w, http:\/\/www.getreidereiniger-auer.at\/wp-content\/uploads\/2024\/02\/jpg-info-SSD-210x300.jpg 210w\" sizes=\"(max-width: 545px) 100vw, 545px\" \/><\/figure>\n\n\n\n<figure class=\"wp-block-embed is-type-video is-provider-youtube wp-block-embed-youtube wp-embed-aspect-16-9 wp-has-aspect-ratio\"><div class=\"wp-block-embed__wrapper\">\n<p class=\"responsive-video-wrap clr\"><iframe title=\"Prallsch\u00e4ler SSD 200\" width=\"1200\" height=\"675\" src=\"https:\/\/www.youtube.com\/embed\/I1SevvrGV1M?start=1&#038;feature=oembed\" frameborder=\"0\" allow=\"accelerometer; autoplay; clipboard-write; encrypted-media; gyroscope; picture-in-picture; web-share\" allowfullscreen><\/iframe><\/p>\n<\/div><\/figure>\n\n\n\n<h2 class=\"wp-block-heading has-large-font-size\">Prallsch\u00e4ler SHCO-1,5 und SHCO-3<\/h2>\n\n\n<div class=\"wp-block-image\">\n<figure class=\"aligncenter size-full\"><img decoding=\"async\" width=\"554\" height=\"790\" src=\"http:\/\/www.getreidereiniger-auer.at\/wp-content\/uploads\/2023\/08\/shco.jpg\" alt=\"\" class=\"wp-image-1744\" srcset=\"http:\/\/www.getreidereiniger-auer.at\/wp-content\/uploads\/2023\/08\/shco.jpg 554w, http:\/\/www.getreidereiniger-auer.at\/wp-content\/uploads\/2023\/08\/shco-210x300.jpg 210w\" sizes=\"(max-width: 554px) 100vw, 554px\" \/><\/figure>\n<\/div>\n\n\n<h2 class=\"wp-block-heading has-large-font-size\">Laborsch\u00e4ler<\/h2>\n\n\n<div class=\"wp-block-image\">\n<figure class=\"aligncenter size-full\"><img decoding=\"async\" width=\"555\" height=\"789\" src=\"http:\/\/www.getreidereiniger-auer.at\/wp-content\/uploads\/2023\/08\/wins-1.jpg\" alt=\"\" class=\"wp-image-1745\" srcset=\"http:\/\/www.getreidereiniger-auer.at\/wp-content\/uploads\/2023\/08\/wins-1.jpg 555w, http:\/\/www.getreidereiniger-auer.at\/wp-content\/uploads\/2023\/08\/wins-1-211x300.jpg 211w\" sizes=\"(max-width: 555px) 100vw, 555px\" \/><\/figure>\n<\/div>","protected":false},"excerpt":{"rendered":"<p>Prallsch\u00e4ler f\u00fcr Kleinmengen Der Prallsch\u00e4ler SSD 200 ist eine pr\u00e4zise und effiziente Sch\u00e4lungseinheit, die f\u00fcr die Verarbeitung von Hafer, Dinkel, Soja, Buchweizen, Hanfsamen, Emma, Einkorn, Sonnenblumenkernen und vielen anderen Samen geeignet ist. Mit einer Stundenleistung bis 200kg ist er f\u00fcr Einsteiger bestens geeignet.Genaue Informationen zu unseren Sch\u00e4lern finden Sie in unserem Produktkatalog Prallsch\u00e4ler SHCO-1,5 und [&hellip;]<\/p>\n","protected":false},"author":1,"featured_media":0,"parent":0,"menu_order":0,"comment_status":"closed","ping_status":"closed","template":"","meta":{"ocean_post_layout":"right-sidebar","ocean_both_sidebars_style":"","ocean_both_sidebars_content_width":0,"ocean_both_sidebars_sidebars_width":0,"ocean_sidebar":"0","ocean_second_sidebar":"0","ocean_disable_margins":"enable","ocean_add_body_class":"","ocean_shortcode_before_top_bar":"","ocean_shortcode_after_top_bar":"","ocean_shortcode_before_header":"","ocean_shortcode_after_header":"","ocean_has_shortcode":"","ocean_shortcode_after_title":"","ocean_shortcode_before_footer_widgets":"","ocean_shortcode_after_footer_widgets":"","ocean_shortcode_before_footer_bottom":"","ocean_shortcode_after_footer_bottom":"","ocean_display_top_bar":"default","ocean_display_header":"default","ocean_header_style":"","ocean_center_header_left_menu":"0","ocean_custom_header_template":"0","ocean_custom_logo":2285,"ocean_custom_retina_logo":0,"ocean_custom_logo_max_width":150,"ocean_custom_logo_tablet_max_width":0,"ocean_custom_logo_mobile_max_width":0,"ocean_custom_logo_max_height":100,"ocean_custom_logo_tablet_max_height":0,"ocean_custom_logo_mobile_max_height":0,"ocean_header_custom_menu":"0","ocean_menu_typo_font_family":"0","ocean_menu_typo_font_subset":"","ocean_menu_typo_font_size":0,"ocean_menu_typo_font_size_tablet":0,"ocean_menu_typo_font_size_mobile":0,"ocean_menu_typo_font_size_unit":"px","ocean_menu_typo_font_weight":"","ocean_menu_typo_font_weight_tablet":"","ocean_menu_typo_font_weight_mobile":"","ocean_menu_typo_transform":"","ocean_menu_typo_transform_tablet":"","ocean_menu_typo_transform_mobile":"","ocean_menu_typo_line_height":0,"ocean_menu_typo_line_height_tablet":0,"ocean_menu_typo_line_height_mobile":0,"ocean_menu_typo_line_height_unit":"","ocean_menu_typo_spacing":0,"ocean_menu_typo_spacing_tablet":0,"ocean_menu_typo_spacing_mobile":0,"ocean_menu_typo_spacing_unit":"","ocean_menu_link_color":"","ocean_menu_link_color_hover":"","ocean_menu_link_color_active":"","ocean_menu_link_background":"","ocean_menu_link_hover_background":"","ocean_menu_link_active_background":"","ocean_menu_social_links_bg":"","ocean_menu_social_hover_links_bg":"","ocean_menu_social_links_color":"","ocean_menu_social_hover_links_color":"","ocean_disable_title":"default","ocean_disable_heading":"default","ocean_post_title":"","ocean_post_subheading":"","ocean_post_title_style":"","ocean_post_title_background_color":"","ocean_post_title_background":0,"ocean_post_title_bg_image_position":"","ocean_post_title_bg_image_attachment":"","ocean_post_title_bg_image_repeat":"","ocean_post_title_bg_image_size":"","ocean_post_title_height":0,"ocean_post_title_bg_overlay":0.5,"ocean_post_title_bg_overlay_color":"","ocean_disable_breadcrumbs":"default","ocean_breadcrumbs_color":"","ocean_breadcrumbs_separator_color":"","ocean_breadcrumbs_links_color":"","ocean_breadcrumbs_links_hover_color":"","ocean_display_footer_widgets":"default","ocean_display_footer_bottom":"default","ocean_custom_footer_template":"0","footnotes":""},"class_list":["post-442","page","type-page","status-publish","hentry","entry","owp-thumbs-layout-horizontal","owp-btn-normal","owp-tabs-layout-horizontal","has-no-thumbnails","has-product-nav"],"jetpack_sharing_enabled":true,"_links":{"self":[{"href":"http:\/\/www.getreidereiniger-auer.at\/index.php?rest_route=\/wp\/v2\/pages\/442","targetHints":{"allow":["GET"]}}],"collection":[{"href":"http:\/\/www.getreidereiniger-auer.at\/index.php?rest_route=\/wp\/v2\/pages"}],"about":[{"href":"http:\/\/www.getreidereiniger-auer.at\/index.php?rest_route=\/wp\/v2\/types\/page"}],"author":[{"embeddable":true,"href":"http:\/\/www.getreidereiniger-auer.at\/index.php?rest_route=\/wp\/v2\/users\/1"}],"replies":[{"embeddable":true,"href":"http:\/\/www.getreidereiniger-auer.at\/index.php?rest_route=%2Fwp%2Fv2%2Fcomments&post=442"}],"version-history":[{"count":10,"href":"http:\/\/www.getreidereiniger-auer.at\/index.php?rest_route=\/wp\/v2\/pages\/442\/revisions"}],"predecessor-version":[{"id":2280,"href":"http:\/\/www.getreidereiniger-auer.at\/index.php?rest_route=\/wp\/v2\/pages\/442\/revisions\/2280"}],"wp:attachment":[{"href":"http:\/\/www.getreidereiniger-auer.at\/index.php?rest_route=%2Fwp%2Fv2%2Fmedia&parent=442"}],"curies":[{"name":"wp","href":"https:\/\/api.w.org\/{rel}","templated":true}]}}