{"id":86,"date":"2020-05-18T14:49:36","date_gmt":"2020-05-18T12:49:36","guid":{"rendered":"http:\/\/www2.getreidereiniger-auer.at\/?page_id=86"},"modified":"2024-12-18T08:14:29","modified_gmt":"2024-12-18T07:14:29","slug":"aeromeh-cad","status":"publish","type":"page","link":"http:\/\/www.getreidereiniger-auer.at\/?page_id=86","title":{"rendered":"AEROMEH CAD"},"content":{"rendered":"<div class=\"wp-block-image\">\n<figure class=\"aligncenter size-large\"><img fetchpriority=\"high\" decoding=\"async\" width=\"225\" height=\"225\" src=\"http:\/\/www.getreidereiniger-auer.at\/wp-content\/uploads\/2020\/10\/Herunterladen.png\" alt=\"\" class=\"wp-image-356\" srcset=\"http:\/\/www.getreidereiniger-auer.at\/wp-content\/uploads\/2020\/10\/Herunterladen.png 225w, http:\/\/www.getreidereiniger-auer.at\/wp-content\/uploads\/2020\/10\/Herunterladen-100x100.png 100w, http:\/\/www.getreidereiniger-auer.at\/wp-content\/uploads\/2020\/10\/Herunterladen-150x150.png 150w\" sizes=\"(max-width: 225px) 100vw, 225px\" \/><\/figure>\n<\/div>\n\n\n<p class=\"has-text-align-center\" style=\"font-size:30px\"><strong>Aeromeh CAD Getreideseparatoren und Ihre enormen Vorteile<\/strong><\/p>\n\n\n\n<ul class=\"wp-block-list has-medium-font-size\">\n<li class=\"has-medium-font-size\">Separierung der Samenk\u00f6rner nach<br>Oberfl\u00e4chenbeschaffenheit und spezifischem Gewicht<\/li>\n\n\n\n<li class=\"has-medium-font-size\">Vorreinigung, Hauptreinigung und Kalibrierung mit derselben Maschine<\/li>\n\n\n\n<li class=\"has-medium-font-size\">Gro\u00dfe Modellauswahl f\u00fcr jede Betriebsgr\u00f6\u00dfe von 5 bis 150 Tonnen<\/li>\n\n\n\n<li class=\"has-medium-font-size\">Vielzahl an m\u00f6glichen Erweiterungen wie z.B. Siebreinigungsmodul<\/li>\n\n\n\n<li class=\"has-medium-font-size\">Vielzahl an verarbeitungsf\u00e4higen Kulturen, vom kleinem Mohn bis zur gro\u00dfen K\u00e4ferbohne<\/li>\n\n\n\n<li class=\"has-medium-font-size\">Keine Verschlei\u00df-, oder Wartungsintensive Teile<\/li>\n\n\n\n<li class=\"has-medium-font-size\">Kompakte Gr\u00f6\u00dfe<\/li>\n\n\n\n<li class=\"has-medium-font-size\">Jedes Ger\u00e4t kann individuell nach den Kundenw\u00fcnschen angepasst werden<\/li>\n<\/ul>\n\n\n<div class=\"wp-block-image\">\n<figure class=\"aligncenter size-large\"><a href=\"https:\/\/youtu.be\/zSbpvX6X_ts\"><img decoding=\"async\" width=\"302\" height=\"167\" src=\"http:\/\/www2.getreidereiniger-auer.at\/wp-content\/uploads\/2020\/05\/youtube.png\" alt=\"\" class=\"wp-image-213\" srcset=\"http:\/\/www.getreidereiniger-auer.at\/wp-content\/uploads\/2020\/05\/youtube.png 302w, http:\/\/www.getreidereiniger-auer.at\/wp-content\/uploads\/2020\/05\/youtube-300x166.png 300w\" sizes=\"(max-width: 302px) 100vw, 302px\" \/><\/a><figcaption class=\"wp-element-caption\">Entdecken Sie die Separatoren von Aeromeh<\/figcaption><\/figure>\n<\/div>\n\n<div class=\"wp-block-image\">\n<figure class=\"aligncenter size-large\"><img decoding=\"async\" width=\"76\" height=\"268\" src=\"http:\/\/www2.getreidereiniger-auer.at\/wp-content\/uploads\/2020\/05\/image.png\" alt=\"\" class=\"wp-image-99\"\/><\/figure>\n<\/div>\n\n\n<p>Im Mittelteil der \u00c4hren befinden sich die K\u00f6rner mit der gr\u00f6\u00dften Keim- und Triebf\u00e4higkeit. Die CAD von AEROMEH schafft es, diese K\u00f6rner, mit sehr hoher Genauigkeit zu separieren.<\/p>\n\n\n\n<figure class=\"wp-block-image size-large\"><img loading=\"lazy\" decoding=\"async\" width=\"610\" height=\"875\" src=\"http:\/\/www2.getreidereiniger-auer.at\/wp-content\/uploads\/2020\/05\/image-1.png\" alt=\"\" class=\"wp-image-102\" srcset=\"http:\/\/www.getreidereiniger-auer.at\/wp-content\/uploads\/2020\/05\/image-1.png 610w, http:\/\/www.getreidereiniger-auer.at\/wp-content\/uploads\/2020\/05\/image-1-600x861.png 600w, http:\/\/www.getreidereiniger-auer.at\/wp-content\/uploads\/2020\/05\/image-1-209x300.png 209w\" sizes=\"(max-width: 610px) 100vw, 610px\" \/><\/figure>\n\n\n\n<figure class=\"wp-block-gallery has-nested-images columns-default is-cropped wp-block-gallery-1 is-layout-flex wp-block-gallery-is-layout-flex\">\n<figure class=\"wp-block-image size-large\"><img loading=\"lazy\" decoding=\"async\" width=\"946\" height=\"1024\" data-id=\"1697\" src=\"http:\/\/www.getreidereiniger-auer.at\/wp-content\/uploads\/2023\/08\/20221019_152040-946x1024.jpg\" alt=\"\" class=\"wp-image-1697\" srcset=\"http:\/\/www.getreidereiniger-auer.at\/wp-content\/uploads\/2023\/08\/20221019_152040-946x1024.jpg 946w, http:\/\/www.getreidereiniger-auer.at\/wp-content\/uploads\/2023\/08\/20221019_152040-scaled-600x650.jpg 600w, http:\/\/www.getreidereiniger-auer.at\/wp-content\/uploads\/2023\/08\/20221019_152040-277x300.jpg 277w, http:\/\/www.getreidereiniger-auer.at\/wp-content\/uploads\/2023\/08\/20221019_152040-768x832.jpg 768w, http:\/\/www.getreidereiniger-auer.at\/wp-content\/uploads\/2023\/08\/20221019_152040-1419x1536.jpg 1419w, http:\/\/www.getreidereiniger-auer.at\/wp-content\/uploads\/2023\/08\/20221019_152040-1892x2048.jpg 1892w\" sizes=\"(max-width: 946px) 100vw, 946px\" \/><\/figure>\n\n\n\n<figure class=\"wp-block-image size-large\"><img loading=\"lazy\" decoding=\"async\" width=\"1024\" height=\"768\" data-id=\"1696\" src=\"http:\/\/www.getreidereiniger-auer.at\/wp-content\/uploads\/2023\/08\/AEROMEH-CAD-5-mit-SPO8_Symbolfoto-1-1024x768.jpg\" alt=\"\" class=\"wp-image-1696\" srcset=\"http:\/\/www.getreidereiniger-auer.at\/wp-content\/uploads\/2023\/08\/AEROMEH-CAD-5-mit-SPO8_Symbolfoto-1-1024x768.jpg 1024w, http:\/\/www.getreidereiniger-auer.at\/wp-content\/uploads\/2023\/08\/AEROMEH-CAD-5-mit-SPO8_Symbolfoto-1-scaled-600x450.jpg 600w, http:\/\/www.getreidereiniger-auer.at\/wp-content\/uploads\/2023\/08\/AEROMEH-CAD-5-mit-SPO8_Symbolfoto-1-300x225.jpg 300w, http:\/\/www.getreidereiniger-auer.at\/wp-content\/uploads\/2023\/08\/AEROMEH-CAD-5-mit-SPO8_Symbolfoto-1-768x576.jpg 768w, http:\/\/www.getreidereiniger-auer.at\/wp-content\/uploads\/2023\/08\/AEROMEH-CAD-5-mit-SPO8_Symbolfoto-1-1536x1152.jpg 1536w, http:\/\/www.getreidereiniger-auer.at\/wp-content\/uploads\/2023\/08\/AEROMEH-CAD-5-mit-SPO8_Symbolfoto-1-2048x1536.jpg 2048w\" sizes=\"(max-width: 1024px) 100vw, 1024px\" \/><\/figure>\n<\/figure>\n\n\n\n<p>Alle AEROMEH CAD Modelle funktionieren mit und ohne Zyklon und Frequenzumrichter. Alleine der Aufstellungsort und die Bedienweise unterscheiden sich, das Ergebnis bleibt jedoch gleich.<\/p>\n\n\n\n<p>Um schneller ein Gesp\u00fcr f\u00fcr die Einstellung der Maschine zu bekommen, empfehlen wir ein Sichtfenster mit LED-Beleuchtung, in den Arbeitsraum der AEROMEH CAD.<\/p>\n\n\n\n<p>Optional bieten wir auch ein <strong>Vibrosiebmodul &#8211; SPO<\/strong> f\u00fcr die Modelle AEROMEH CAD 4, CAD 5, CAD 10 und CAD 30.<\/p>\n\n\n\n<p>Die Vorreinigungseinheit eignet sich beispielsweise f\u00fcr die Vorausscheidung von vollen \u00c4hren, Distelk\u00f6pfen und s\u00e4mtlichen \u00dcbergr\u00f6\u00dfen, aus dem zu reinigendem Gut. Dies ist eine vibrierende Siebdeckeinheit und&nbsp;beinhaltet&nbsp;drei auswechselbare Rundlochsiebe, in den Gr\u00f6\u00dfen 5mm, 8mm und 10mm.&nbsp;&nbsp; Diese Vorreinigungseinheit funktioniert mit AEROMEH CAD Modell mit und ohne Zyklon. Weitere Rundlochsiebe sind optional erh\u00e4ltlich.<\/p>\n\n\n\n<p><strong>Siebempfehlungen<\/strong> &#8211; Von Durchsatzmenge und Verunreinigung abh\u00e4ngig<\/p>\n\n\n\n<figure class=\"wp-block-table\"><table><tbody><tr><td><strong>5mm Rundlochsieb<\/strong><\/td><td>Lein, K\u00fcmmel, Sesam, Fenchel, S\u00e4mareien, Raps, Senf, Leinsamen, u.\u00e4.<\/td><\/tr><tr><td><strong>8mm Rundlochsieb<\/strong><\/td><td>Soja, Koriander, Winterwicke, Weizen, Gerste, Roggen, Hafer, u.\u00e4.<\/td><\/tr><tr><td><strong>10mm Rundlochsieb<\/strong><\/td><td>Soja, Erbse, Hafer, u.\u00e4.<\/td><\/tr><tr><td>2,8mm Rundlochsieb <strong>&#8211; optional erh\u00e4ltlich<\/strong><\/td><td>Mohn, Leindotter, Kleearten, u.\u00e4<\/td><\/tr><tr><td>4mm Rundlochsieb <strong>&#8211; optional erh\u00e4ltlich<\/strong><\/td><td>Kleearten, Senf, Raps, Leinsamen, u.\u00e4.<\/td><\/tr><tr><td>6,5mm Rundlochsieb <strong>&#8211; optional erh\u00e4ltlich<\/strong><\/td><td>Weizen, Gerste, Roggen, Lein, K\u00fcmmel, Sesam, Fenchel, S\u00e4mareien, Hafer, u.\u00e4.<\/td><\/tr><tr><td>12mm Rundlochsieb <strong>&#8211; optional erh\u00e4ltlich<\/strong><\/td><td>Ackerbohne, K\u00fcrbis, u.\u00e4.<\/td><\/tr><tr><td>14mm Rundlochsieb <strong>&#8211; optional erh\u00e4ltlich<\/strong><\/td><td>Dinkel im Spelz, Mais, K\u00fcrbis, Ackerbohne u.\u00e4.<\/td><\/tr><\/tbody><\/table><\/figure>\n\n\n<div class=\"wp-block-image\">\n<figure class=\"aligncenter size-large\"><img loading=\"lazy\" decoding=\"async\" width=\"290\" height=\"382\" src=\"http:\/\/www2.getreidereiniger-auer.at\/wp-content\/uploads\/2020\/05\/image-3.png\" alt=\"\" class=\"wp-image-109\" srcset=\"http:\/\/www.getreidereiniger-auer.at\/wp-content\/uploads\/2020\/05\/image-3.png 290w, http:\/\/www.getreidereiniger-auer.at\/wp-content\/uploads\/2020\/05\/image-3-228x300.png 228w\" sizes=\"(max-width: 290px) 100vw, 290px\" \/><\/figure>\n<\/div>\n\n\n<p><strong>Passendes Zubeh\u00f6r<\/strong> wie Untergestelle jeglicher Art, oder auch Elevatoren sind \u00fcber uns erh\u00e4ltlich. Das mobile Standpodest, mit fixer Montage des Elevators, fand Anfang 2018 den Ursprung mit einer Zeichnung von <strong>Andreas Auer<\/strong>.<\/p>\n\n\n\n\n\n<p>Von ganz kompakten Maschinen, mit einer Stundenleistung von einer Tonne, bis zu Leistungsstarken Ger\u00e4ten mit einer Stundenleistung bis zu 150 Tonnen, deckt das Sortiment von AEROMEH CAD alles ab.<\/p>\n\n\n\n<figure class=\"wp-block-image size-large\"><img loading=\"lazy\" decoding=\"async\" width=\"946\" height=\"1024\" src=\"http:\/\/www.getreidereiniger-auer.at\/wp-content\/uploads\/2024\/10\/20221019_152040-946x1024.jpg\" alt=\"\" class=\"wp-image-2464\" srcset=\"http:\/\/www.getreidereiniger-auer.at\/wp-content\/uploads\/2024\/10\/20221019_152040-946x1024.jpg 946w, http:\/\/www.getreidereiniger-auer.at\/wp-content\/uploads\/2024\/10\/20221019_152040-277x300.jpg 277w, http:\/\/www.getreidereiniger-auer.at\/wp-content\/uploads\/2024\/10\/20221019_152040-768x832.jpg 768w, http:\/\/www.getreidereiniger-auer.at\/wp-content\/uploads\/2024\/10\/20221019_152040-1419x1536.jpg 1419w, http:\/\/www.getreidereiniger-auer.at\/wp-content\/uploads\/2024\/10\/20221019_152040-1892x2048.jpg 1892w, http:\/\/www.getreidereiniger-auer.at\/wp-content\/uploads\/2024\/10\/20221019_152040-600x650.jpg 600w\" sizes=\"(max-width: 946px) 100vw, 946px\" \/><figcaption class=\"wp-element-caption\">AEROMEH CAD 1 mit fahrbarem Untergestell<\/figcaption><\/figure>\n\n\n\n<figure class=\"wp-block-embed is-type-video is-provider-youtube wp-block-embed-youtube wp-embed-aspect-16-9 wp-has-aspect-ratio\"><div class=\"wp-block-embed__wrapper\">\n<p class=\"responsive-video-wrap clr\"><iframe title=\"AEROMEH CAD 1- Getreidereinigung - Saatgutaufbereitung - Andreas Auer Landmaschinen\" width=\"1200\" height=\"675\" src=\"https:\/\/www.youtube.com\/embed\/DoJFgPwHet8?start=9&#038;feature=oembed\" frameborder=\"0\" allow=\"accelerometer; autoplay; clipboard-write; encrypted-media; gyroscope; picture-in-picture; web-share\" referrerpolicy=\"strict-origin-when-cross-origin\" allowfullscreen><\/iframe><\/p>\n<\/div><\/figure>\n\n\n\n<figure class=\"wp-block-embed is-type-video is-provider-youtube wp-block-embed-youtube wp-embed-aspect-16-9 wp-has-aspect-ratio\"><div class=\"wp-block-embed__wrapper\">\n<p class=\"responsive-video-wrap clr\"><iframe title=\"Mohn Reinigung mit AEROMEH CAD 5 und SPO8\" width=\"1200\" height=\"675\" src=\"https:\/\/www.youtube.com\/embed\/p73Wl57nozY?feature=oembed\" frameborder=\"0\" allow=\"accelerometer; autoplay; clipboard-write; encrypted-media; gyroscope; picture-in-picture; web-share\" referrerpolicy=\"strict-origin-when-cross-origin\" allowfullscreen><\/iframe><\/p>\n<\/div><\/figure>\n\n\n\n<figure class=\"wp-block-embed is-type-video is-provider-youtube wp-block-embed-youtube wp-embed-aspect-4-3 wp-has-aspect-ratio\"><div class=\"wp-block-embed__wrapper\">\n<p class=\"responsive-video-wrap clr\"><iframe title=\"Trennung von Dinkel im Spelz und Ackerbohne mit AEROMEH CAD 5 und SPO8 - Getreidereinigung\" width=\"1200\" height=\"900\" src=\"https:\/\/www.youtube.com\/embed\/plTZJH6Zj5s?feature=oembed\" frameborder=\"0\" allow=\"accelerometer; autoplay; clipboard-write; encrypted-media; gyroscope; picture-in-picture; web-share\" referrerpolicy=\"strict-origin-when-cross-origin\" allowfullscreen><\/iframe><\/p>\n<\/div><\/figure>\n\n\n\n<figure class=\"wp-block-embed is-type-video is-provider-youtube wp-block-embed-youtube wp-embed-aspect-16-9 wp-has-aspect-ratio\"><div class=\"wp-block-embed__wrapper\">\n<p class=\"responsive-video-wrap clr\"><iframe title=\"Saatgutaufbereitung von Triticale mit einer PETKUS K531 und einer AEROMEH CAD 5\" width=\"1200\" height=\"675\" src=\"https:\/\/www.youtube.com\/embed\/_gFl2wTNMbw?feature=oembed\" frameborder=\"0\" allow=\"accelerometer; autoplay; clipboard-write; encrypted-media; gyroscope; picture-in-picture; web-share\" referrerpolicy=\"strict-origin-when-cross-origin\" allowfullscreen><\/iframe><\/p>\n<\/div><\/figure>\n\n\n\n<div class=\"wp-block-file\"><a id=\"wp-block-file--media-482aa0f6-3524-46d1-880f-984baa10e3ed\" href=\"http:\/\/www.getreidereiniger-auer.at\/wp-content\/uploads\/2021\/09\/AEROMEH-CAD-Separatoren.pdf\">AEROMEH-CAD-Separatoren<\/a><a href=\"http:\/\/www.getreidereiniger-auer.at\/wp-content\/uploads\/2021\/09\/AEROMEH-CAD-Separatoren.pdf\" class=\"wp-block-file__button wp-element-button\" download aria-describedby=\"wp-block-file--media-482aa0f6-3524-46d1-880f-984baa10e3ed\">Herunterladen<\/a><\/div>\n\n\n\n<p><\/p>\n","protected":false},"excerpt":{"rendered":"<p>Aeromeh CAD Getreideseparatoren und Ihre enormen Vorteile Im Mittelteil der \u00c4hren befinden sich die K\u00f6rner mit der gr\u00f6\u00dften Keim- und Triebf\u00e4higkeit. Die CAD von AEROMEH schafft es, diese K\u00f6rner, mit sehr hoher Genauigkeit zu separieren. Alle AEROMEH CAD Modelle funktionieren mit und ohne Zyklon und Frequenzumrichter. Alleine der Aufstellungsort und die Bedienweise unterscheiden sich, das [&hellip;]<\/p>\n","protected":false},"author":1,"featured_media":0,"parent":0,"menu_order":0,"comment_status":"closed","ping_status":"closed","template":"","meta":{"ocean_post_layout":"right-sidebar","ocean_both_sidebars_style":"","ocean_both_sidebars_content_width":0,"ocean_both_sidebars_sidebars_width":0,"ocean_sidebar":"0","ocean_second_sidebar":"0","ocean_disable_margins":"enable","ocean_add_body_class":"","ocean_shortcode_before_top_bar":"","ocean_shortcode_after_top_bar":"","ocean_shortcode_before_header":"","ocean_shortcode_after_header":"","ocean_has_shortcode":"","ocean_shortcode_after_title":"","ocean_shortcode_before_footer_widgets":"","ocean_shortcode_after_footer_widgets":"","ocean_shortcode_before_footer_bottom":"","ocean_shortcode_after_footer_bottom":"","ocean_display_top_bar":"default","ocean_display_header":"default","ocean_header_style":"","ocean_center_header_left_menu":"0","ocean_custom_header_template":"0","ocean_custom_logo":2285,"ocean_custom_retina_logo":0,"ocean_custom_logo_max_width":150,"ocean_custom_logo_tablet_max_width":0,"ocean_custom_logo_mobile_max_width":0,"ocean_custom_logo_max_height":100,"ocean_custom_logo_tablet_max_height":0,"ocean_custom_logo_mobile_max_height":0,"ocean_header_custom_menu":"0","ocean_menu_typo_font_family":"0","ocean_menu_typo_font_subset":"","ocean_menu_typo_font_size":0,"ocean_menu_typo_font_size_tablet":0,"ocean_menu_typo_font_size_mobile":0,"ocean_menu_typo_font_size_unit":"px","ocean_menu_typo_font_weight":"","ocean_menu_typo_font_weight_tablet":"","ocean_menu_typo_font_weight_mobile":"","ocean_menu_typo_transform":"","ocean_menu_typo_transform_tablet":"","ocean_menu_typo_transform_mobile":"","ocean_menu_typo_line_height":0,"ocean_menu_typo_line_height_tablet":0,"ocean_menu_typo_line_height_mobile":0,"ocean_menu_typo_line_height_unit":"","ocean_menu_typo_spacing":0,"ocean_menu_typo_spacing_tablet":0,"ocean_menu_typo_spacing_mobile":0,"ocean_menu_typo_spacing_unit":"","ocean_menu_link_color":"","ocean_menu_link_color_hover":"","ocean_menu_link_color_active":"","ocean_menu_link_background":"","ocean_menu_link_hover_background":"","ocean_menu_link_active_background":"","ocean_menu_social_links_bg":"","ocean_menu_social_hover_links_bg":"","ocean_menu_social_links_color":"","ocean_menu_social_hover_links_color":"","ocean_disable_title":"default","ocean_disable_heading":"default","ocean_post_title":"","ocean_post_subheading":"","ocean_post_title_style":"","ocean_post_title_background_color":"","ocean_post_title_background":0,"ocean_post_title_bg_image_position":"","ocean_post_title_bg_image_attachment":"","ocean_post_title_bg_image_repeat":"","ocean_post_title_bg_image_size":"","ocean_post_title_height":0,"ocean_post_title_bg_overlay":0.5,"ocean_post_title_bg_overlay_color":"","ocean_disable_breadcrumbs":"default","ocean_breadcrumbs_color":"","ocean_breadcrumbs_separator_color":"","ocean_breadcrumbs_links_color":"","ocean_breadcrumbs_links_hover_color":"","ocean_display_footer_widgets":"default","ocean_display_footer_bottom":"default","ocean_custom_footer_template":"0","footnotes":""},"class_list":["post-86","page","type-page","status-publish","hentry","entry","owp-thumbs-layout-horizontal","owp-btn-normal","owp-tabs-layout-horizontal","has-no-thumbnails","has-product-nav"],"jetpack_sharing_enabled":true,"_links":{"self":[{"href":"http:\/\/www.getreidereiniger-auer.at\/index.php?rest_route=\/wp\/v2\/pages\/86","targetHints":{"allow":["GET"]}}],"collection":[{"href":"http:\/\/www.getreidereiniger-auer.at\/index.php?rest_route=\/wp\/v2\/pages"}],"about":[{"href":"http:\/\/www.getreidereiniger-auer.at\/index.php?rest_route=\/wp\/v2\/types\/page"}],"author":[{"embeddable":true,"href":"http:\/\/www.getreidereiniger-auer.at\/index.php?rest_route=\/wp\/v2\/users\/1"}],"replies":[{"embeddable":true,"href":"http:\/\/www.getreidereiniger-auer.at\/index.php?rest_route=%2Fwp%2Fv2%2Fcomments&post=86"}],"version-history":[{"count":9,"href":"http:\/\/www.getreidereiniger-auer.at\/index.php?rest_route=\/wp\/v2\/pages\/86\/revisions"}],"predecessor-version":[{"id":2485,"href":"http:\/\/www.getreidereiniger-auer.at\/index.php?rest_route=\/wp\/v2\/pages\/86\/revisions\/2485"}],"wp:attachment":[{"href":"http:\/\/www.getreidereiniger-auer.at\/index.php?rest_route=%2Fwp%2Fv2%2Fmedia&parent=86"}],"curies":[{"name":"wp","href":"https:\/\/api.w.org\/{rel}","templated":true}]}}