{"id":886,"date":"2022-02-03T16:44:23","date_gmt":"2022-02-03T15:44:23","guid":{"rendered":"http:\/\/www.getreidereiniger-auer.at\/?page_id=886"},"modified":"2024-05-16T15:09:38","modified_gmt":"2024-05-16T13:09:38","slug":"schneckentrieur","status":"publish","type":"page","link":"http:\/\/www.getreidereiniger-auer.at\/?page_id=886","title":{"rendered":"Schneckentrieur"},"content":{"rendered":"\n<p class=\"has-text-align-center\" id=\"block-118f702b-2c3d-4a92-951f-347bbb146972\">Wir machen die Technik die Schneckentrieurs f\u00fcr das b\u00e4uerliche Budget interessant!<\/p>\n\n\n<div class=\"wp-block-image\">\n<figure class=\"aligncenter size-full\"><img fetchpriority=\"high\" decoding=\"async\" width=\"552\" height=\"779\" src=\"http:\/\/www.getreidereiniger-auer.at\/wp-content\/uploads\/2023\/08\/schneck-1.jpg\" alt=\"\" class=\"wp-image-1751\" srcset=\"http:\/\/www.getreidereiniger-auer.at\/wp-content\/uploads\/2023\/08\/schneck-1.jpg 552w, http:\/\/www.getreidereiniger-auer.at\/wp-content\/uploads\/2023\/08\/schneck-1-213x300.jpg 213w\" sizes=\"(max-width: 552px) 100vw, 552px\" \/><\/figure>\n<\/div>\n\n\n<figure class=\"wp-block-embed is-type-video is-provider-youtube wp-block-embed-youtube wp-embed-aspect-16-9 wp-has-aspect-ratio\"><div class=\"wp-block-embed__wrapper\">\n<p class=\"responsive-video-wrap clr\"><iframe title=\"Reinigung von Wickroggen mittels Schneckentrieur\" width=\"1200\" height=\"675\" src=\"https:\/\/www.youtube.com\/embed\/lI2Vz15gRXM?feature=oembed\" frameborder=\"0\" allow=\"accelerometer; autoplay; clipboard-write; encrypted-media; gyroscope; picture-in-picture\" allowfullscreen><\/iframe><\/p>\n<\/div><\/figure>\n\n\n\n<figure class=\"wp-block-embed is-type-video is-provider-youtube wp-block-embed-youtube wp-embed-aspect-16-9 wp-has-aspect-ratio\"><div class=\"wp-block-embed__wrapper\">\n<p class=\"responsive-video-wrap clr\"><iframe title=\"Schneckentrieur - f\u00fcr das b\u00e4uerliche Budget - Trennen von Kugelunkr\u00e4uter aus Bruchkorn\" width=\"1200\" height=\"675\" src=\"https:\/\/www.youtube.com\/embed\/D-rWdE2tcIU?start=1&#038;feature=oembed\" frameborder=\"0\" allow=\"accelerometer; autoplay; clipboard-write; encrypted-media; gyroscope; picture-in-picture\" allowfullscreen><\/iframe><\/p>\n<\/div><\/figure>\n\n\n\n<figure class=\"wp-block-embed is-type-video is-provider-youtube wp-block-embed-youtube wp-embed-aspect-16-9 wp-has-aspect-ratio\"><div class=\"wp-block-embed__wrapper\">\n<p class=\"responsive-video-wrap clr\"><iframe title=\"Schneckentrieur - f\u00fcr das b\u00e4uerliche Budget - Trennen von Raps aus Bruchkorn\" width=\"1200\" height=\"675\" src=\"https:\/\/www.youtube.com\/embed\/XELtQfoeykk?start=42&#038;feature=oembed\" frameborder=\"0\" allow=\"accelerometer; autoplay; clipboard-write; encrypted-media; gyroscope; picture-in-picture\" allowfullscreen><\/iframe><\/p>\n<\/div><\/figure>\n\n\n\n<figure class=\"wp-block-embed is-type-video is-provider-youtube wp-block-embed-youtube wp-embed-aspect-16-9 wp-has-aspect-ratio\"><div class=\"wp-block-embed__wrapper\">\n<p class=\"responsive-video-wrap clr\"><iframe title=\"Schneckentrieur - f\u00fcr das b\u00e4uerliche Budget - Trennen von Gerste aus Linse\" width=\"1200\" height=\"675\" src=\"https:\/\/www.youtube.com\/embed\/4slbtunwJi8?feature=oembed\" frameborder=\"0\" allow=\"accelerometer; autoplay; clipboard-write; encrypted-media; gyroscope; picture-in-picture\" allowfullscreen><\/iframe><\/p>\n<\/div><\/figure>\n","protected":false},"excerpt":{"rendered":"<p>Wir machen die Technik die Schneckentrieurs f\u00fcr das b\u00e4uerliche Budget interessant!<\/p>\n","protected":false},"author":1,"featured_media":0,"parent":0,"menu_order":0,"comment_status":"closed","ping_status":"closed","template":"","meta":{"ocean_post_layout":"right-sidebar","ocean_both_sidebars_style":"","ocean_both_sidebars_content_width":0,"ocean_both_sidebars_sidebars_width":0,"ocean_sidebar":"0","ocean_second_sidebar":"0","ocean_disable_margins":"enable","ocean_add_body_class":"","ocean_shortcode_before_top_bar":"","ocean_shortcode_after_top_bar":"","ocean_shortcode_before_header":"","ocean_shortcode_after_header":"","ocean_has_shortcode":"","ocean_shortcode_after_title":"","ocean_shortcode_before_footer_widgets":"","ocean_shortcode_after_footer_widgets":"","ocean_shortcode_before_footer_bottom":"","ocean_shortcode_after_footer_bottom":"","ocean_display_top_bar":"default","ocean_display_header":"default","ocean_header_style":"","ocean_center_header_left_menu":"0","ocean_custom_header_template":"0","ocean_custom_logo":2285,"ocean_custom_retina_logo":0,"ocean_custom_logo_max_width":150,"ocean_custom_logo_tablet_max_width":0,"ocean_custom_logo_mobile_max_width":0,"ocean_custom_logo_max_height":100,"ocean_custom_logo_tablet_max_height":0,"ocean_custom_logo_mobile_max_height":0,"ocean_header_custom_menu":"0","ocean_menu_typo_font_family":"0","ocean_menu_typo_font_subset":"","ocean_menu_typo_font_size":0,"ocean_menu_typo_font_size_tablet":0,"ocean_menu_typo_font_size_mobile":0,"ocean_menu_typo_font_size_unit":"px","ocean_menu_typo_font_weight":"","ocean_menu_typo_font_weight_tablet":"","ocean_menu_typo_font_weight_mobile":"","ocean_menu_typo_transform":"","ocean_menu_typo_transform_tablet":"","ocean_menu_typo_transform_mobile":"","ocean_menu_typo_line_height":0,"ocean_menu_typo_line_height_tablet":0,"ocean_menu_typo_line_height_mobile":0,"ocean_menu_typo_line_height_unit":"","ocean_menu_typo_spacing":0,"ocean_menu_typo_spacing_tablet":0,"ocean_menu_typo_spacing_mobile":0,"ocean_menu_typo_spacing_unit":"","ocean_menu_link_color":"","ocean_menu_link_color_hover":"","ocean_menu_link_color_active":"","ocean_menu_link_background":"","ocean_menu_link_hover_background":"","ocean_menu_link_active_background":"","ocean_menu_social_links_bg":"","ocean_menu_social_hover_links_bg":"","ocean_menu_social_links_color":"","ocean_menu_social_hover_links_color":"","ocean_disable_title":"default","ocean_disable_heading":"default","ocean_post_title":"","ocean_post_subheading":"","ocean_post_title_style":"","ocean_post_title_background_color":"","ocean_post_title_background":0,"ocean_post_title_bg_image_position":"","ocean_post_title_bg_image_attachment":"","ocean_post_title_bg_image_repeat":"","ocean_post_title_bg_image_size":"","ocean_post_title_height":0,"ocean_post_title_bg_overlay":0.5,"ocean_post_title_bg_overlay_color":"","ocean_disable_breadcrumbs":"default","ocean_breadcrumbs_color":"","ocean_breadcrumbs_separator_color":"","ocean_breadcrumbs_links_color":"","ocean_breadcrumbs_links_hover_color":"","ocean_display_footer_widgets":"default","ocean_display_footer_bottom":"default","ocean_custom_footer_template":"0","footnotes":""},"class_list":["post-886","page","type-page","status-publish","hentry","entry","owp-thumbs-layout-horizontal","owp-btn-normal","owp-tabs-layout-horizontal","has-no-thumbnails","has-product-nav"],"jetpack_sharing_enabled":true,"_links":{"self":[{"href":"http:\/\/www.getreidereiniger-auer.at\/index.php?rest_route=\/wp\/v2\/pages\/886","targetHints":{"allow":["GET"]}}],"collection":[{"href":"http:\/\/www.getreidereiniger-auer.at\/index.php?rest_route=\/wp\/v2\/pages"}],"about":[{"href":"http:\/\/www.getreidereiniger-auer.at\/index.php?rest_route=\/wp\/v2\/types\/page"}],"author":[{"embeddable":true,"href":"http:\/\/www.getreidereiniger-auer.at\/index.php?rest_route=\/wp\/v2\/users\/1"}],"replies":[{"embeddable":true,"href":"http:\/\/www.getreidereiniger-auer.at\/index.php?rest_route=%2Fwp%2Fv2%2Fcomments&post=886"}],"version-history":[{"count":8,"href":"http:\/\/www.getreidereiniger-auer.at\/index.php?rest_route=\/wp\/v2\/pages\/886\/revisions"}],"predecessor-version":[{"id":2282,"href":"http:\/\/www.getreidereiniger-auer.at\/index.php?rest_route=\/wp\/v2\/pages\/886\/revisions\/2282"}],"wp:attachment":[{"href":"http:\/\/www.getreidereiniger-auer.at\/index.php?rest_route=%2Fwp%2Fv2%2Fmedia&parent=886"}],"curies":[{"name":"wp","href":"https:\/\/api.w.org\/{rel}","templated":true}]}}